{"id":3370,"date":"2025-12-15T17:41:58","date_gmt":"2025-12-15T17:41:58","guid":{"rendered":"https:\/\/me-engineering.com\/?page_id=3370"},"modified":"2026-02-24T11:36:39","modified_gmt":"2026-02-24T11:36:39","slug":"acelszerkezetek-vegyipar-magyarorszag","status":"publish","type":"page","link":"https:\/\/me-engineering.com\/hu\/projektek\/acelszerkezetek-vegyipar-magyarorszag\/","title":{"rendered":"Ac\u00e9lszerkezetek, vegyipar, Magyarorsz\u00e1g"},"content":{"rendered":"\t\t<div data-elementor-type=\"wp-post\" data-elementor-id=\"3370\" class=\"elementor elementor-3370\">\n\t\t\t\t<div class=\"elementor-element elementor-element-ae2cd63 e-con-full e-flex e-con e-child\" data-id=\"ae2cd63\" data-element_type=\"container\" data-e-type=\"container\" data-settings=\"{&quot;background_background&quot;:&quot;classic&quot;}\">\n\t\t\t\t<div class=\"elementor-element elementor-element-3c456cb elementor-widget__width-initial elementor-widget elementor-widget-heading\" data-id=\"3c456cb\" data-element_type=\"widget\" data-e-type=\"widget\" data-widget_type=\"heading.default\">\n\t\t\t\t<div class=\"elementor-widget-container\">\n\t\t\t\t\t<h2 class=\"elementor-heading-title elementor-size-default\">Vegyipar, ac\u00e9lszerkezet,<br \/>Magyarorsz\u00e1g<\/h2>\t\t\t\t<\/div>\n\t\t\t\t<\/div>\n\t\t\t\t<\/div>\n\t\t<div class=\"elementor-element elementor-element-9efbcd8 e-con-full e-flex e-con e-parent\" data-id=\"9efbcd8\" data-element_type=\"container\" data-e-type=\"container\">\n\t\t<div class=\"elementor-element elementor-element-1e04ff20 e-con-full e-flex e-con e-child\" data-id=\"1e04ff20\" data-element_type=\"container\" data-e-type=\"container\">\n\t\t\t\t<\/div>\n\t\t<div class=\"elementor-element elementor-element-594c85ca e-con-full e-flex e-con e-child\" data-id=\"594c85ca\" data-element_type=\"container\" data-e-type=\"container\">\n\t\t<div class=\"elementor-element elementor-element-8674969 e-con-full e-grid e-con e-child\" data-id=\"8674969\" data-element_type=\"container\" data-e-type=\"container\" data-settings=\"{&quot;background_background&quot;:&quot;classic&quot;}\">\n\t\t<div class=\"elementor-element elementor-element-698ae95 e-con-full e-flex e-con e-child\" data-id=\"698ae95\" data-element_type=\"container\" data-e-type=\"container\">\n\t\t\t\t<div class=\"elementor-element elementor-element-4f19d47 elementor-align-left elementor-widget__width-auto boxed-list elementor-widget elementor-widget-button\" data-id=\"4f19d47\" data-element_type=\"widget\" data-e-type=\"widget\" data-widget_type=\"button.default\">\n\t\t\t\t<div class=\"elementor-widget-container\">\n\t\t\t\t\t\t\t\t\t<div class=\"elementor-button-wrapper\">\n\t\t\t\t\t<a class=\"elementor-button elementor-button-link elementor-size-sm\" href=\"\/projektek\/\">\n\t\t\t\t\t\t<span class=\"elementor-button-content-wrapper\">\n\t\t\t\t\t\t<span class=\"elementor-button-icon\">\n\t\t\t\t<svg aria-hidden=\"true\" class=\"e-font-icon-svg e-fas-long-arrow-alt-left\" viewBox=\"0 0 448 512\" xmlns=\"http:\/\/www.w3.org\/2000\/svg\"><path d=\"M134.059 296H436c6.627 0 12-5.373 12-12v-56c0-6.627-5.373-12-12-12H134.059v-46.059c0-21.382-25.851-32.09-40.971-16.971L7.029 239.029c-9.373 9.373-9.373 24.569 0 33.941l86.059 86.059c15.119 15.119 40.971 4.411 40.971-16.971V296z\"><\/path><\/svg>\t\t\t<\/span>\n\t\t\t\t\t\t\t\t\t<span class=\"elementor-button-text\">Vissza a Projektekhez<\/span>\n\t\t\t\t\t<\/span>\n\t\t\t\t\t<\/a>\n\t\t\t\t<\/div>\n\t\t\t\t\t\t\t\t<\/div>\n\t\t\t\t<\/div>\n\t\t\t\t<div class=\"elementor-element elementor-element-6c9cf26b elementor-widget elementor-widget-heading\" data-id=\"6c9cf26b\" data-element_type=\"widget\" data-e-type=\"widget\" data-widget_type=\"heading.default\">\n\t\t\t\t<div class=\"elementor-widget-container\">\n\t\t\t\t\t<h2 class=\"elementor-heading-title elementor-size-default\">Ac\u00e9lszerkezet-szerel\u00e9s g\u00e9pi emel\u00e9s n\u00e9lk\u00fcl vegyipari k\u00f6rnyezetben<\/h2>\t\t\t\t<\/div>\n\t\t\t\t<\/div>\n\t\t\t\t<div class=\"elementor-element elementor-element-fb59604 elementor-widget elementor-widget-text-editor\" data-id=\"fb59604\" data-element_type=\"widget\" data-e-type=\"widget\" data-widget_type=\"text-editor.default\">\n\t\t\t\t<div class=\"elementor-widget-container\">\n\t\t\t\t\t\t\t\t\t<p data-start=\"85\" data-end=\"327\"><strong data-start=\"85\" data-end=\"102\">\u00d6sszefoglal\u00f3:<\/strong><br data-start=\"102\" data-end=\"105\" \/>Ac\u00e9lszerkezet telep\u00edt\u00e9se a gy\u00e1r legmagasabban fekv\u0151 ter\u00fclet\u00e9n, amely mag\u00e1ban foglalta a szerel\u00e9si munk\u00e1k prec\u00edz \u00fctemez\u00e9s\u00e9t, a helysz\u00edni biztons\u00e1gi k\u00f6vetelm\u00e9nyek betart\u00e1s\u00e1t \u00e9s a megl\u00e9v\u0151 \u00fczemi m\u0171k\u00f6d\u00e9shez val\u00f3 alkalmazkod\u00e1st.<\/p><p data-start=\"329\" data-end=\"661\" data-is-last-node=\"\" data-is-only-node=\"\"><strong data-start=\"329\" data-end=\"341\">Kih\u00edv\u00e1s:<\/strong><br data-start=\"341\" data-end=\"344\" \/>A kivitelez\u00e9st olyan ter\u00fcleten kellett elv\u00e9gezni, ahol a padl\u00f3 teherb\u00edr\u00e1sa mind\u00f6ssze 500 kg\/m\u00b2 volt, ez\u00e9rt g\u00e9pi eszk\u00f6z\u00f6k haszn\u00e1lat\u00e1ra nem volt lehet\u0151s\u00e9g; emiatt az emel\u0151berendez\u00e9seket az \u00e9p\u00fclet teherhord\u00f3 szerkezet\u00e9hez kellett r\u00f6gz\u00edteni, mik\u00f6zben a munk\u00e1t sz\u0171k t\u00e9rben \u00e9s folyamatos \u00fczem mellett kellett megval\u00f3s\u00edtani.<\/p>\t\t\t\t\t\t\t\t<\/div>\n\t\t\t\t<\/div>\n\t\t\t\t<div class=\"elementor-element elementor-element-93176ce elementor-align-start boxed-list elementor-icon-list--layout-traditional elementor-list-item-link-full_width elementor-widget elementor-widget-icon-list\" data-id=\"93176ce\" data-element_type=\"widget\" data-e-type=\"widget\" data-widget_type=\"icon-list.default\">\n\t\t\t\t<div class=\"elementor-widget-container\">\n\t\t\t\t\t\t\t<ul class=\"elementor-icon-list-items\">\n\t\t\t\t\t\t\t<li class=\"elementor-icon-list-item\">\n\t\t\t\t\t\t\t\t\t\t<span class=\"elementor-icon-list-text\"><b>\u00dcgyf\u00e9l<\/b>: Conia \/ Marubeni \/ Nippon<\/span>\n\t\t\t\t\t\t\t\t\t<\/li>\n\t\t\t\t\t\t\t\t<li class=\"elementor-icon-list-item\">\n\t\t\t\t\t\t\t\t\t\t<span class=\"elementor-icon-list-text\"><b>Ipar:<\/b>  vegyipar<\/span>\n\t\t\t\t\t\t\t\t\t<\/li>\n\t\t\t\t\t\t\t\t<li class=\"elementor-icon-list-item\">\n\t\t\t\t\t\t\t\t\t\t<span class=\"elementor-icon-list-text\"><b>Helysz\u00edn:<\/b> Magyarorsz\u00e1g<\/span>\n\t\t\t\t\t\t\t\t\t<\/li>\n\t\t\t\t\t\t\t\t<li class=\"elementor-icon-list-item\">\n\t\t\t\t\t\t\t\t\t\t<span class=\"elementor-icon-list-text\"><b>D\u00e1tum: <\/b>2024<\/span>\n\t\t\t\t\t\t\t\t\t<\/li>\n\t\t\t\t\t\t\t\t<li class=\"elementor-icon-list-item\">\n\t\t\t\t\t\t\t\t\t\t<span class=\"elementor-icon-list-text\"><b>Feladat: <\/b>Ac\u00e9lszerkezet szerel\u00e9se<\/span>\n\t\t\t\t\t\t\t\t\t<\/li>\n\t\t\t\t\t\t\t\t<li class=\"elementor-icon-list-item\">\n\t\t\t\t\t\t\t\t\t\t<span class=\"elementor-icon-list-text\"><b>Projekt volumen: <\/b> 6 h\u00f3nap<\/span>\n\t\t\t\t\t\t\t\t\t<\/li>\n\t\t\t\t\t\t\t\t<li class=\"elementor-icon-list-item\">\n\t\t\t\t\t\t\t\t\t\t<span class=\"elementor-icon-list-text\"><b>\u00c1tlagos munkaer\u0151:<\/b> 15 f\u0151<\/span>\n\t\t\t\t\t\t\t\t\t<\/li>\n\t\t\t\t\t\t\t\t<li class=\"elementor-icon-list-item\">\n\t\t\t\t\t\t\t\t\t\t<span class=\"elementor-icon-list-text\"><b>Projekt k\u00f6lts\u00e9gvet\u00e9s: <\/b> 500 000 EUR<\/span>\n\t\t\t\t\t\t\t\t\t<\/li>\n\t\t\t\t\t\t<\/ul>\n\t\t\t\t\t\t<\/div>\n\t\t\t\t<\/div>\n\t\t\t\t<\/div>\n\t\t\t\t<div class=\"elementor-element elementor-element-1a0019d elementor-widget elementor-widget-image\" data-id=\"1a0019d\" data-element_type=\"widget\" data-e-type=\"widget\" data-widget_type=\"image.default\">\n\t\t\t\t<div class=\"elementor-widget-container\">\n\t\t\t\t\t\t\t\t\t\t\t\t\t\t\t<img fetchpriority=\"high\" decoding=\"async\" width=\"942\" height=\"702\" src=\"https:\/\/me-engineering.com\/wp-content\/uploads\/2025\/12\/Nippon-.png\" class=\"attachment-large size-large wp-image-3371\" alt=\"ac\u00e9lszerkezet\" srcset=\"https:\/\/me-engineering.com\/wp-content\/uploads\/2025\/12\/Nippon-.png 942w, https:\/\/me-engineering.com\/wp-content\/uploads\/2025\/12\/Nippon--300x224.png 300w, https:\/\/me-engineering.com\/wp-content\/uploads\/2025\/12\/Nippon--768x572.png 768w, https:\/\/me-engineering.com\/wp-content\/uploads\/2025\/12\/Nippon--16x12.png 16w\" sizes=\"(max-width: 942px) 100vw, 942px\" \/>\t\t\t\t\t\t\t\t\t\t\t\t\t\t\t<\/div>\n\t\t\t\t<\/div>\n\t\t\t\t<\/div>\n\t\t<div class=\"elementor-element elementor-element-0f79705 e-con-full e-flex e-con e-child\" data-id=\"0f79705\" data-element_type=\"container\" data-e-type=\"container\">\n\t\t\t\t<div class=\"elementor-element elementor-element-2ad85ed elementor-widget elementor-widget-button\" data-id=\"2ad85ed\" data-element_type=\"widget\" data-e-type=\"widget\" data-widget_type=\"button.default\">\n\t\t\t\t<div class=\"elementor-widget-container\">\n\t\t\t\t\t\t\t\t\t<div class=\"elementor-button-wrapper\">\n\t\t\t\t\t<a class=\"elementor-button elementor-button-link elementor-size-sm\" href=\"\/gepathelyezes-vasuti-jarmugyartas-magyarorszag\">\n\t\t\t\t\t\t<span class=\"elementor-button-content-wrapper\">\n\t\t\t\t\t\t<span class=\"elementor-button-icon\">\n\t\t\t\t<svg aria-hidden=\"true\" class=\"e-font-icon-svg e-fas-long-arrow-alt-right\" viewBox=\"0 0 448 512\" xmlns=\"http:\/\/www.w3.org\/2000\/svg\"><path d=\"M313.941 216H12c-6.627 0-12 5.373-12 12v56c0 6.627 5.373 12 12 12h301.941v46.059c0 21.382 25.851 32.09 40.971 16.971l86.059-86.059c9.373-9.373 9.373-24.569 0-33.941l-86.059-86.059c-15.119-15.119-40.971-4.411-40.971 16.971V216z\"><\/path><\/svg>\t\t\t<\/span>\n\t\t\t\t\t\t\t\t\t<span class=\"elementor-button-text\">G\u00e9p\u00e1thelyez\u00e9s<\/span>\n\t\t\t\t\t<\/span>\n\t\t\t\t\t<\/a>\n\t\t\t\t<\/div>\n\t\t\t\t\t\t\t\t<\/div>\n\t\t\t\t<\/div>\n\t\t\t\t<\/div>\n\t\t\t\t<\/div>\n\t\t\t\t<\/div>\n\t\t\t\t<\/div>\n\t\t","protected":false},"excerpt":{"rendered":"<p>Vegyipar, ac\u00e9lszerkezet,Magyarorsz\u00e1g Vissza a Projektekhez Ac\u00e9lszerkezet-szerel\u00e9s g\u00e9pi emel\u00e9s n\u00e9lk\u00fcl vegyipari k\u00f6rnyezetben \u00d6sszefoglal\u00f3:Ac\u00e9lszerkezet telep\u00edt\u00e9se a gy\u00e1r legmagasabban fekv\u0151 ter\u00fclet\u00e9n, amely mag\u00e1ban foglalta a szerel\u00e9si munk\u00e1k prec\u00edz \u00fctemez\u00e9s\u00e9t, a helysz\u00edni biztons\u00e1gi k\u00f6vetelm\u00e9nyek betart\u00e1s\u00e1t \u00e9s a megl\u00e9v\u0151 \u00fczemi m\u0171k\u00f6d\u00e9shez val\u00f3 alkalmazkod\u00e1st. Kih\u00edv\u00e1s:A kivitelez\u00e9st olyan ter\u00fcleten kellett elv\u00e9gezni, ahol a padl\u00f3 teherb\u00edr\u00e1sa mind\u00f6ssze 500 kg\/m\u00b2 volt, ez\u00e9rt g\u00e9pi eszk\u00f6z\u00f6k [&hellip;]<\/p>\n","protected":false},"author":2,"featured_media":0,"parent":1649,"menu_order":0,"comment_status":"closed","ping_status":"closed","template":"","meta":{"site-sidebar-layout":"no-sidebar","site-content-layout":"page-builder","ast-site-content-layout":"full-width-container","site-content-style":"unboxed","site-sidebar-style":"unboxed","ast-global-header-display":"","ast-banner-title-visibility":"","ast-main-header-display":"","ast-hfb-above-header-display":"","ast-hfb-below-header-display":"","ast-hfb-mobile-header-display":"","site-post-title":"disabled","ast-breadcrumbs-content":"","ast-featured-img":"disabled","footer-sml-layout":"","ast-disable-related-posts":"","theme-transparent-header-meta":"enabled","adv-header-id-meta":"","stick-header-meta":"","header-above-stick-meta":"","header-main-stick-meta":"","header-below-stick-meta":"","astra-migrate-meta-layouts":"set","ast-page-background-enabled":"default","ast-page-background-meta":{"desktop":{"background-color":"","background-image":"","background-repeat":"repeat","background-position":"center center","background-size":"auto","background-attachment":"scroll","background-type":"","background-media":"","overlay-type":"","overlay-color":"","overlay-opacity":"","overlay-gradient":""},"tablet":{"background-color":"","background-image":"","background-repeat":"repeat","background-position":"center center","background-size":"auto","background-attachment":"scroll","background-type":"","background-media":"","overlay-type":"","overlay-color":"","overlay-opacity":"","overlay-gradient":""},"mobile":{"background-color":"","background-image":"","background-repeat":"repeat","background-position":"center center","background-size":"auto","background-attachment":"scroll","background-type":"","background-media":"","overlay-type":"","overlay-color":"","overlay-opacity":"","overlay-gradient":""}},"ast-content-background-meta":{"desktop":{"background-color":"var(--ast-global-color-5)","background-image":"","background-repeat":"repeat","background-position":"center center","background-size":"auto","background-attachment":"scroll","background-type":"","background-media":"","overlay-type":"","overlay-color":"","overlay-opacity":"","overlay-gradient":""},"tablet":{"background-color":"var(--ast-global-color-5)","background-image":"","background-repeat":"repeat","background-position":"center center","background-size":"auto","background-attachment":"scroll","background-type":"","background-media":"","overlay-type":"","overlay-color":"","overlay-opacity":"","overlay-gradient":""},"mobile":{"background-color":"var(--ast-global-color-5)","background-image":"","background-repeat":"repeat","background-position":"center center","background-size":"auto","background-attachment":"scroll","background-type":"","background-media":"","overlay-type":"","overlay-color":"","overlay-opacity":"","overlay-gradient":""}},"footnotes":""},"class_list":["post-3370","page","type-page","status-publish","hentry"],"aioseo_notices":[],"_links":{"self":[{"href":"https:\/\/me-engineering.com\/hu\/wp-json\/wp\/v2\/pages\/3370","targetHints":{"allow":["GET"]}}],"collection":[{"href":"https:\/\/me-engineering.com\/hu\/wp-json\/wp\/v2\/pages"}],"about":[{"href":"https:\/\/me-engineering.com\/hu\/wp-json\/wp\/v2\/types\/page"}],"author":[{"embeddable":true,"href":"https:\/\/me-engineering.com\/hu\/wp-json\/wp\/v2\/users\/2"}],"replies":[{"embeddable":true,"href":"https:\/\/me-engineering.com\/hu\/wp-json\/wp\/v2\/comments?post=3370"}],"version-history":[{"count":58,"href":"https:\/\/me-engineering.com\/hu\/wp-json\/wp\/v2\/pages\/3370\/revisions"}],"predecessor-version":[{"id":4286,"href":"https:\/\/me-engineering.com\/hu\/wp-json\/wp\/v2\/pages\/3370\/revisions\/4286"}],"up":[{"embeddable":true,"href":"https:\/\/me-engineering.com\/hu\/wp-json\/wp\/v2\/pages\/1649"}],"wp:attachment":[{"href":"https:\/\/me-engineering.com\/hu\/wp-json\/wp\/v2\/media?parent=3370"}],"curies":[{"name":"wp","href":"https:\/\/api.w.org\/{rel}","templated":true}]}}