{"id":3327,"date":"2025-12-15T16:12:05","date_gmt":"2025-12-15T16:12:05","guid":{"rendered":"https:\/\/me-engineering.com\/?page_id=3327"},"modified":"2026-02-24T15:02:07","modified_gmt":"2026-02-24T15:02:07","slug":"legtechnikai-megoldas-bevasarlokozponti-kornyezetben","status":"publish","type":"page","link":"https:\/\/me-engineering.com\/hu\/projektek\/legtechnikai-megoldas-bevasarlokozponti-kornyezetben\/","title":{"rendered":"L\u00e9gtechnika, kereskedelem, Ausztria"},"content":{"rendered":"\t\t<div data-elementor-type=\"wp-post\" data-elementor-id=\"3327\" class=\"elementor elementor-3327\">\n\t\t\t\t<div class=\"elementor-element elementor-element-db5be56 e-con-full e-flex e-con e-child\" data-id=\"db5be56\" data-element_type=\"container\" data-e-type=\"container\" data-settings=\"{&quot;background_background&quot;:&quot;classic&quot;}\">\n\t\t\t\t<div class=\"elementor-element elementor-element-e903807 elementor-widget__width-initial elementor-widget elementor-widget-heading\" data-id=\"e903807\" data-element_type=\"widget\" data-e-type=\"widget\" data-widget_type=\"heading.default\">\n\t\t\t\t<div class=\"elementor-widget-container\">\n\t\t\t\t\t<h2 class=\"elementor-heading-title elementor-size-default\">Bev\u00e1s\u00e1rl\u00f3k\u00f6zpont, HVAC,<br \/>Ausztria<\/h2>\t\t\t\t<\/div>\n\t\t\t\t<\/div>\n\t\t\t\t<\/div>\n\t\t<div class=\"elementor-element elementor-element-4d610df8 e-con-full e-flex e-con e-parent\" data-id=\"4d610df8\" data-element_type=\"container\" data-e-type=\"container\" data-settings=\"{&quot;background_background&quot;:&quot;classic&quot;}\">\n\t\t<div class=\"elementor-element elementor-element-1e04ff20 e-con-full e-flex e-con e-child\" data-id=\"1e04ff20\" data-element_type=\"container\" data-e-type=\"container\">\n\t\t\t\t<\/div>\n\t\t<div class=\"elementor-element elementor-element-594c85ca e-con-full e-flex e-con e-child\" data-id=\"594c85ca\" data-element_type=\"container\" data-e-type=\"container\">\n\t\t<div class=\"elementor-element elementor-element-8674969 e-con-full e-grid e-con e-child\" data-id=\"8674969\" data-element_type=\"container\" data-e-type=\"container\" data-settings=\"{&quot;background_background&quot;:&quot;classic&quot;}\">\n\t\t<div class=\"elementor-element elementor-element-698ae95 e-con-full e-flex e-con e-child\" data-id=\"698ae95\" data-element_type=\"container\" data-e-type=\"container\">\n\t\t\t\t<div class=\"elementor-element elementor-element-a8feda3 elementor-align-left elementor-widget__width-auto boxed-list elementor-widget elementor-widget-button\" data-id=\"a8feda3\" data-element_type=\"widget\" data-e-type=\"widget\" data-widget_type=\"button.default\">\n\t\t\t\t<div class=\"elementor-widget-container\">\n\t\t\t\t\t\t\t\t\t<div class=\"elementor-button-wrapper\">\n\t\t\t\t\t<a class=\"elementor-button elementor-button-link elementor-size-sm\" href=\"\/projektek\/\">\n\t\t\t\t\t\t<span class=\"elementor-button-content-wrapper\">\n\t\t\t\t\t\t<span class=\"elementor-button-icon\">\n\t\t\t\t<svg aria-hidden=\"true\" class=\"e-font-icon-svg e-fas-long-arrow-alt-left\" viewBox=\"0 0 448 512\" xmlns=\"http:\/\/www.w3.org\/2000\/svg\"><path d=\"M134.059 296H436c6.627 0 12-5.373 12-12v-56c0-6.627-5.373-12-12-12H134.059v-46.059c0-21.382-25.851-32.09-40.971-16.971L7.029 239.029c-9.373 9.373-9.373 24.569 0 33.941l86.059 86.059c15.119 15.119 40.971 4.411 40.971-16.971V296z\"><\/path><\/svg>\t\t\t<\/span>\n\t\t\t\t\t\t\t\t\t<span class=\"elementor-button-text\">Vissza a Projektekhez<\/span>\n\t\t\t\t\t<\/span>\n\t\t\t\t\t<\/a>\n\t\t\t\t<\/div>\n\t\t\t\t\t\t\t\t<\/div>\n\t\t\t\t<\/div>\n\t\t\t\t<div class=\"elementor-element elementor-element-6c9cf26b elementor-widget elementor-widget-heading\" data-id=\"6c9cf26b\" data-element_type=\"widget\" data-e-type=\"widget\" data-widget_type=\"heading.default\">\n\t\t\t\t<div class=\"elementor-widget-container\">\n\t\t\t\t\t<h2 class=\"elementor-heading-title elementor-size-default\">L\u00e9gtechnikai megold\u00e1s bev\u00e1s\u00e1rl\u00f3k\u00f6zponti k\u00f6rnyezetben<\/h2>\t\t\t\t<\/div>\n\t\t\t\t<\/div>\n\t\t\t\t<div class=\"elementor-element elementor-element-fb59604 elementor-widget elementor-widget-text-editor\" data-id=\"fb59604\" data-element_type=\"widget\" data-e-type=\"widget\" data-widget_type=\"text-editor.default\">\n\t\t\t\t<div class=\"elementor-widget-container\">\n\t\t\t\t\t\t\t\t\t<p data-start=\"343\" data-end=\"466\"><strong data-start=\"343\" data-end=\"360\">\u00d6sszefoglal\u00f3:<\/strong><br data-start=\"360\" data-end=\"363\" \/>A r\u00e9gi l\u00e9gkezel\u0151 berendez\u00e9s bont\u00e1sa \u00e9s elsz\u00e1ll\u00edt\u00e1sa, majd az \u00faj berendez\u00e9s telep\u00edt\u00e9se a g\u00e9ph\u00e1zon bel\u00fcl.<\/p><p data-start=\"468\" data-end=\"935\" data-is-last-node=\"\" data-is-only-node=\"\"><strong data-start=\"468\" data-end=\"480\">Kih\u00edv\u00e1s:<\/strong><br data-start=\"480\" data-end=\"483\" \/>A helysz\u00edni adotts\u00e1gok miatt a berendez\u00e9st nem lehetett egyben leengedni a g\u00e9ph\u00e1zba. Sz\u00e9tszerel\u00e9sre volt sz\u00fcks\u00e9g, az elemeket k\u00fcl\u00f6n kellett besz\u00e1ll\u00edtani, majd a helysz\u00ednen \u00fajra \u00f6sszeszerelni. A rotor egys\u00e9g f\u00e9mszerkezete nem f\u00e9rt el a megk\u00f6zel\u00edt\u00e9si \u00fatvonalon, ez\u00e9rt azt t\u00f6bb r\u00e9szre kellett v\u00e1gni. Ezeket a szakaszokat az install\u00e1ci\u00f3 helysz\u00edn\u00e9n nagy pontoss\u00e1ggal \u00fajrahegesztett\u00e9k annak \u00e9rdek\u00e9ben, hogy a berendez\u00e9s m\u0171k\u00f6d\u00e9se \u00e9s teljes\u00edtm\u00e9nye ne s\u00e9r\u00fclj\u00f6n.<\/p>\t\t\t\t\t\t\t\t<\/div>\n\t\t\t\t<\/div>\n\t\t\t\t<div class=\"elementor-element elementor-element-93176ce elementor-align-start boxed-list elementor-icon-list--layout-traditional elementor-list-item-link-full_width elementor-widget elementor-widget-icon-list\" data-id=\"93176ce\" data-element_type=\"widget\" data-e-type=\"widget\" data-widget_type=\"icon-list.default\">\n\t\t\t\t<div class=\"elementor-widget-container\">\n\t\t\t\t\t\t\t<ul class=\"elementor-icon-list-items\">\n\t\t\t\t\t\t\t<li class=\"elementor-icon-list-item\">\n\t\t\t\t\t\t\t\t\t\t<span class=\"elementor-icon-list-text\"><b>\u00dcgyf\u00e9l<\/b>: Hofst\u00e4tter<\/span>\n\t\t\t\t\t\t\t\t\t<\/li>\n\t\t\t\t\t\t\t\t<li class=\"elementor-icon-list-item\">\n\t\t\t\t\t\t\t\t\t\t<span class=\"elementor-icon-list-text\"><b> F\u0151v\u00e1llalkoz\u00f3: <\/b> Rosenberger<\/span>\n\t\t\t\t\t\t\t\t\t<\/li>\n\t\t\t\t\t\t\t\t<li class=\"elementor-icon-list-item\">\n\t\t\t\t\t\t\t\t\t\t<span class=\"elementor-icon-list-text\"><b>Ipar\u00e1g:<\/b> Kereskedelmi ingatlan \/ Bev\u00e1s\u00e1rl\u00f3k\u00f6zpont<\/span>\n\t\t\t\t\t\t\t\t\t<\/li>\n\t\t\t\t\t\t\t\t<li class=\"elementor-icon-list-item\">\n\t\t\t\t\t\t\t\t\t\t<span class=\"elementor-icon-list-text\"><b>Helysz\u00edn:<\/b> Kiesel bev\u00e1s\u00e1rl\u00f3k\u00f6zpont, Salzburg, Ausztria<\/span>\n\t\t\t\t\t\t\t\t\t<\/li>\n\t\t\t\t\t\t\t\t<li class=\"elementor-icon-list-item\">\n\t\t\t\t\t\t\t\t\t\t<span class=\"elementor-icon-list-text\"><b>D\u00e1tum : <\/b>2024<\/span>\n\t\t\t\t\t\t\t\t\t<\/li>\n\t\t\t\t\t\t\t\t<li class=\"elementor-icon-list-item\">\n\t\t\t\t\t\t\t\t\t\t<span class=\"elementor-icon-list-text\"><b>Feladat: <\/b>L\u00e9gkezel\u0151 berendez\u00e9sek telep\u00edt\u00e9se<\/span>\n\t\t\t\t\t\t\t\t\t<\/li>\n\t\t\t\t\t\t\t\t<li class=\"elementor-icon-list-item\">\n\t\t\t\t\t\t\t\t\t\t<span class=\"elementor-icon-list-text\"><b>Projektid\u0151: <\/b>2 \u00e9v<\/span>\n\t\t\t\t\t\t\t\t\t<\/li>\n\t\t\t\t\t\t\t\t<li class=\"elementor-icon-list-item\">\n\t\t\t\t\t\t\t\t\t\t<span class=\"elementor-icon-list-text\"><b>\u00c1tlagos l\u00e9tsz\u00e1m:<\/b> 6 f\u0151<\/span>\n\t\t\t\t\t\t\t\t\t<\/li>\n\t\t\t\t\t\t\t\t<li class=\"elementor-icon-list-item\">\n\t\t\t\t\t\t\t\t\t\t<span class=\"elementor-icon-list-text\"><b>Projekt k\u00f6lts\u00e9gvet\u00e9s: <\/b>33 000 EUR<\/span>\n\t\t\t\t\t\t\t\t\t<\/li>\n\t\t\t\t\t\t<\/ul>\n\t\t\t\t\t\t<\/div>\n\t\t\t\t<\/div>\n\t\t\t\t<\/div>\n\t\t\t\t<div class=\"elementor-element elementor-element-1a0019d elementor-widget elementor-widget-image\" data-id=\"1a0019d\" data-element_type=\"widget\" data-e-type=\"widget\" data-widget_type=\"image.default\">\n\t\t\t\t<div class=\"elementor-widget-container\">\n\t\t\t\t\t\t\t\t\t\t\t\t\t\t\t<img fetchpriority=\"high\" decoding=\"async\" width=\"1024\" height=\"726\" src=\"https:\/\/me-engineering.com\/wp-content\/uploads\/2026\/02\/salzburg_kiesel_wp_2560-1024x726.jpg\" class=\"attachment-large size-large wp-image-3408\" alt=\"rotor l\u00e9gtechnika\" srcset=\"https:\/\/me-engineering.com\/wp-content\/uploads\/2026\/02\/salzburg_kiesel_wp_2560-1024x726.jpg 1024w, https:\/\/me-engineering.com\/wp-content\/uploads\/2026\/02\/salzburg_kiesel_wp_2560-300x213.jpg 300w, https:\/\/me-engineering.com\/wp-content\/uploads\/2026\/02\/salzburg_kiesel_wp_2560-768x545.jpg 768w, https:\/\/me-engineering.com\/wp-content\/uploads\/2026\/02\/salzburg_kiesel_wp_2560-1536x1089.jpg 1536w, https:\/\/me-engineering.com\/wp-content\/uploads\/2026\/02\/salzburg_kiesel_wp_2560-2048x1452.jpg 2048w, https:\/\/me-engineering.com\/wp-content\/uploads\/2026\/02\/salzburg_kiesel_wp_2560-18x12.jpg 18w\" sizes=\"(max-width: 1024px) 100vw, 1024px\" \/>\t\t\t\t\t\t\t\t\t\t\t\t\t\t\t<\/div>\n\t\t\t\t<\/div>\n\t\t\t\t<\/div>\n\t\t<div class=\"elementor-element elementor-element-fb634d0 e-con-full e-flex e-con e-child\" data-id=\"fb634d0\" data-element_type=\"container\" data-e-type=\"container\">\n\t\t\t\t<div class=\"elementor-element elementor-element-b2c1f2f elementor-widget elementor-widget-button\" data-id=\"b2c1f2f\" data-element_type=\"widget\" data-e-type=\"widget\" data-widget_type=\"button.default\">\n\t\t\t\t<div class=\"elementor-widget-container\">\n\t\t\t\t\t\t\t\t\t<div class=\"elementor-button-wrapper\">\n\t\t\t\t\t<a class=\"elementor-button elementor-button-link elementor-size-sm\" href=\"\/legkezelo-telepites-repuloter-nemetorszag\">\n\t\t\t\t\t\t<span class=\"elementor-button-content-wrapper\">\n\t\t\t\t\t\t<span class=\"elementor-button-icon\">\n\t\t\t\t<svg aria-hidden=\"true\" class=\"e-font-icon-svg e-fas-long-arrow-alt-right\" viewBox=\"0 0 448 512\" xmlns=\"http:\/\/www.w3.org\/2000\/svg\"><path d=\"M313.941 216H12c-6.627 0-12 5.373-12 12v56c0 6.627 5.373 12 12 12h301.941v46.059c0 21.382 25.851 32.09 40.971 16.971l86.059-86.059c9.373-9.373 9.373-24.569 0-33.941l-86.059-86.059c-15.119-15.119-40.971-4.411-40.971 16.971V216z\"><\/path><\/svg>\t\t\t<\/span>\n\t\t\t\t\t\t\t\t\t<span class=\"elementor-button-text\">L\u00e9gkezel\u0151-telep\u00edt\u00e9s<\/span>\n\t\t\t\t\t<\/span>\n\t\t\t\t\t<\/a>\n\t\t\t\t<\/div>\n\t\t\t\t\t\t\t\t<\/div>\n\t\t\t\t<\/div>\n\t\t\t\t<\/div>\n\t\t\t\t<\/div>\n\t\t\t\t<\/div>\n\t\t\t\t<\/div>\n\t\t","protected":false},"excerpt":{"rendered":"<p>Bev\u00e1s\u00e1rl\u00f3k\u00f6zpont, HVAC,Ausztria Vissza a Projektekhez L\u00e9gtechnikai megold\u00e1s bev\u00e1s\u00e1rl\u00f3k\u00f6zponti k\u00f6rnyezetben \u00d6sszefoglal\u00f3:A r\u00e9gi l\u00e9gkezel\u0151 berendez\u00e9s bont\u00e1sa \u00e9s elsz\u00e1ll\u00edt\u00e1sa, majd az \u00faj berendez\u00e9s telep\u00edt\u00e9se a g\u00e9ph\u00e1zon bel\u00fcl. Kih\u00edv\u00e1s:A helysz\u00edni adotts\u00e1gok miatt a berendez\u00e9st nem lehetett egyben leengedni a g\u00e9ph\u00e1zba. Sz\u00e9tszerel\u00e9sre volt sz\u00fcks\u00e9g, az elemeket k\u00fcl\u00f6n kellett besz\u00e1ll\u00edtani, majd a helysz\u00ednen \u00fajra \u00f6sszeszerelni. A rotor egys\u00e9g f\u00e9mszerkezete nem f\u00e9rt [&hellip;]<\/p>\n","protected":false},"author":2,"featured_media":0,"parent":1649,"menu_order":0,"comment_status":"closed","ping_status":"closed","template":"","meta":{"site-sidebar-layout":"no-sidebar","site-content-layout":"page-builder","ast-site-content-layout":"full-width-container","site-content-style":"unboxed","site-sidebar-style":"unboxed","ast-global-header-display":"","ast-banner-title-visibility":"","ast-main-header-display":"","ast-hfb-above-header-display":"","ast-hfb-below-header-display":"","ast-hfb-mobile-header-display":"","site-post-title":"disabled","ast-breadcrumbs-content":"","ast-featured-img":"disabled","footer-sml-layout":"","ast-disable-related-posts":"","theme-transparent-header-meta":"enabled","adv-header-id-meta":"","stick-header-meta":"","header-above-stick-meta":"","header-main-stick-meta":"","header-below-stick-meta":"","astra-migrate-meta-layouts":"set","ast-page-background-enabled":"default","ast-page-background-meta":{"desktop":{"background-color":"","background-image":"","background-repeat":"repeat","background-position":"center center","background-size":"auto","background-attachment":"scroll","background-type":"","background-media":"","overlay-type":"","overlay-color":"","overlay-opacity":"","overlay-gradient":""},"tablet":{"background-color":"","background-image":"","background-repeat":"repeat","background-position":"center center","background-size":"auto","background-attachment":"scroll","background-type":"","background-media":"","overlay-type":"","overlay-color":"","overlay-opacity":"","overlay-gradient":""},"mobile":{"background-color":"","background-image":"","background-repeat":"repeat","background-position":"center center","background-size":"auto","background-attachment":"scroll","background-type":"","background-media":"","overlay-type":"","overlay-color":"","overlay-opacity":"","overlay-gradient":""}},"ast-content-background-meta":{"desktop":{"background-color":"var(--ast-global-color-5)","background-image":"","background-repeat":"repeat","background-position":"center center","background-size":"auto","background-attachment":"scroll","background-type":"","background-media":"","overlay-type":"","overlay-color":"","overlay-opacity":"","overlay-gradient":""},"tablet":{"background-color":"var(--ast-global-color-5)","background-image":"","background-repeat":"repeat","background-position":"center center","background-size":"auto","background-attachment":"scroll","background-type":"","background-media":"","overlay-type":"","overlay-color":"","overlay-opacity":"","overlay-gradient":""},"mobile":{"background-color":"var(--ast-global-color-5)","background-image":"","background-repeat":"repeat","background-position":"center center","background-size":"auto","background-attachment":"scroll","background-type":"","background-media":"","overlay-type":"","overlay-color":"","overlay-opacity":"","overlay-gradient":""}},"footnotes":""},"class_list":["post-3327","page","type-page","status-publish","hentry"],"aioseo_notices":[],"_links":{"self":[{"href":"https:\/\/me-engineering.com\/hu\/wp-json\/wp\/v2\/pages\/3327","targetHints":{"allow":["GET"]}}],"collection":[{"href":"https:\/\/me-engineering.com\/hu\/wp-json\/wp\/v2\/pages"}],"about":[{"href":"https:\/\/me-engineering.com\/hu\/wp-json\/wp\/v2\/types\/page"}],"author":[{"embeddable":true,"href":"https:\/\/me-engineering.com\/hu\/wp-json\/wp\/v2\/users\/2"}],"replies":[{"embeddable":true,"href":"https:\/\/me-engineering.com\/hu\/wp-json\/wp\/v2\/comments?post=3327"}],"version-history":[{"count":111,"href":"https:\/\/me-engineering.com\/hu\/wp-json\/wp\/v2\/pages\/3327\/revisions"}],"predecessor-version":[{"id":4382,"href":"https:\/\/me-engineering.com\/hu\/wp-json\/wp\/v2\/pages\/3327\/revisions\/4382"}],"up":[{"embeddable":true,"href":"https:\/\/me-engineering.com\/hu\/wp-json\/wp\/v2\/pages\/1649"}],"wp:attachment":[{"href":"https:\/\/me-engineering.com\/hu\/wp-json\/wp\/v2\/media?parent=3327"}],"curies":[{"name":"wp","href":"https:\/\/api.w.org\/{rel}","templated":true}]}}