{"id":3216,"date":"2025-11-28T13:35:30","date_gmt":"2025-11-28T13:35:30","guid":{"rendered":"https:\/\/me-engineering.com\/?page_id=3216"},"modified":"2026-02-24T11:49:11","modified_gmt":"2026-02-24T11:49:11","slug":"szakertelem-es-technologia","status":"publish","type":"page","link":"https:\/\/me-engineering.com\/en\/szolgaltatasok\/szakertelem-es-technologia\/","title":{"rendered":"Expertise and technology"},"content":{"rendered":"\t\t<div data-elementor-type=\"wp-post\" data-elementor-id=\"3216\" class=\"elementor elementor-3216\">\n\t\t\t\t<div class=\"elementor-element elementor-element-3949ca5 e-con-full e-flex e-con e-child\" data-id=\"3949ca5\" data-element_type=\"container\" data-e-type=\"container\" data-settings=\"{&quot;background_background&quot;:&quot;slideshow&quot;,&quot;background_slideshow_gallery&quot;:[{&quot;id&quot;:1050,&quot;url&quot;:&quot;https:\\\/\\\/me-engineering.com\\\/wp-content\\\/uploads\\\/2024\\\/12\\\/PHOTO-2024-12-13-13-36-15.jpg&quot;},{&quot;id&quot;:1307,&quot;url&quot;:&quot;https:\\\/\\\/me-engineering.com\\\/wp-content\\\/uploads\\\/2024\\\/12\\\/PHOTO-2024-12-13-13-36-18_3.jpg&quot;},{&quot;id&quot;:1305,&quot;url&quot;:&quot;https:\\\/\\\/me-engineering.com\\\/wp-content\\\/uploads\\\/2024\\\/12\\\/PHOTO-2024-12-13-13-36-18_1.jpg&quot;}],&quot;background_slideshow_slide_duration&quot;:3000,&quot;background_slideshow_loop&quot;:&quot;yes&quot;,&quot;background_slideshow_slide_transition&quot;:&quot;fade&quot;,&quot;background_slideshow_transition_duration&quot;:500}\">\n\t\t\t\t<div class=\"elementor-element elementor-element-12adcef elementor-widget__width-initial elementor-widget-mobile__width-inherit elementor-widget elementor-widget-heading\" data-id=\"12adcef\" data-element_type=\"widget\" data-e-type=\"widget\" data-widget_type=\"heading.default\">\n\t\t\t\t<div class=\"elementor-widget-container\">\n\t\t\t\t\t<h2 class=\"elementor-heading-title elementor-size-default\">Szak\u00e9rtelem \u00e9s technol\u00f3gia<\/h2>\t\t\t\t<\/div>\n\t\t\t\t<\/div>\n\t\t\t\t<\/div>\n\t\t<div class=\"elementor-element elementor-element-4d610df8 e-con-full e-flex e-con e-parent\" data-id=\"4d610df8\" data-element_type=\"container\" data-e-type=\"container\" data-settings=\"{&quot;background_background&quot;:&quot;classic&quot;}\">\n\t\t<div class=\"elementor-element elementor-element-1e04ff20 e-con-full e-flex e-con e-child\" data-id=\"1e04ff20\" data-element_type=\"container\" data-e-type=\"container\">\n\t\t\t\t<\/div>\n\t\t<div class=\"elementor-element elementor-element-594c85ca e-con-full e-flex e-con e-child\" data-id=\"594c85ca\" data-element_type=\"container\" data-e-type=\"container\">\n\t\t<div class=\"elementor-element elementor-element-6d9d6e1d e-con-full e-flex e-con e-child\" data-id=\"6d9d6e1d\" data-element_type=\"container\" data-e-type=\"container\">\n\t\t\t\t<div class=\"elementor-element elementor-element-7ac1474 elementor-align-left elementor-widget__width-auto boxed-list elementor-widget elementor-widget-button\" data-id=\"7ac1474\" data-element_type=\"widget\" data-e-type=\"widget\" data-widget_type=\"button.default\">\n\t\t\t\t<div class=\"elementor-widget-container\">\n\t\t\t\t\t\t\t\t\t<div class=\"elementor-button-wrapper\">\n\t\t\t\t\t<a class=\"elementor-button elementor-button-link elementor-size-sm\" href=\"\/szolgaltatasok\/\">\n\t\t\t\t\t\t<span class=\"elementor-button-content-wrapper\">\n\t\t\t\t\t\t<span class=\"elementor-button-icon\">\n\t\t\t\t<svg aria-hidden=\"true\" class=\"e-font-icon-svg e-fas-long-arrow-alt-left\" viewBox=\"0 0 448 512\" xmlns=\"http:\/\/www.w3.org\/2000\/svg\"><path d=\"M134.059 296H436c6.627 0 12-5.373 12-12v-56c0-6.627-5.373-12-12-12H134.059v-46.059c0-21.382-25.851-32.09-40.971-16.971L7.029 239.029c-9.373 9.373-9.373 24.569 0 33.941l86.059 86.059c15.119 15.119 40.971 4.411 40.971-16.971V296z\"><\/path><\/svg>\t\t\t<\/span>\n\t\t\t\t\t\t\t\t\t<span class=\"elementor-button-text\">Vissza a Szolg\u00e1ltat\u00e1sokhoz<\/span>\n\t\t\t\t\t<\/span>\n\t\t\t\t\t<\/a>\n\t\t\t\t<\/div>\n\t\t\t\t\t\t\t\t<\/div>\n\t\t\t\t<\/div>\n\t\t\t\t<div class=\"elementor-element elementor-element-6c9cf26b elementor-widget elementor-widget-heading\" data-id=\"6c9cf26b\" data-element_type=\"widget\" data-e-type=\"widget\" data-widget_type=\"heading.default\">\n\t\t\t\t<div class=\"elementor-widget-container\">\n\t\t\t\t\t<h3 class=\"elementor-heading-title elementor-size-default\">A M.E. Engineering nemcsak Magyarorsz\u00e1gon, hanem t\u00f6bb eur\u00f3pai orsz\u00e1gban is sikeresen val\u00f3s\u00edtott meg ipari projekteket. Ausztri\u00e1ban.  N\u00e9metorsz\u00e1gban, Sv\u00e1jcban l\u00e9gkezel\u0151 rendszerek telep\u00edt\u00e9s\u00e9t v\u00e9gezt\u00fck el, m\u00edg haz\u00e1nkban sz\u00e1mos g\u00e9ptelep\u00edt\u00e9si \u00e9s g\u00e9pmozgat\u00e1si feladatot l\u00e1ttunk el k\u00fcl\u00f6nb\u00f6z\u0151 ipar\u00e1gakban. Tapasztalatunk \u00e9s megb\u00edzhat\u00f3 csapatunk garant\u00e1lja, hogy minden kivitelez\u00e9s pontosan, biztons\u00e1gosan \u00e9s hat\u00e1rid\u0151re t\u00f6rt\u00e9njen.<\/h3>\t\t\t\t<\/div>\n\t\t\t\t<\/div>\n\t\t\t\t<\/div>\n\t\t<div class=\"elementor-element elementor-element-8674969 e-con-full e-grid e-con e-child\" data-id=\"8674969\" data-element_type=\"container\" data-e-type=\"container\" data-settings=\"{&quot;background_background&quot;:&quot;classic&quot;}\">\n\t\t\t\t<div class=\"elementor-element elementor-element-b66c7b2 eael-flipbox-content-align-center eael_wd_liquid_glass-effect1 elementor-widget elementor-widget-eael-flip-box\" data-id=\"b66c7b2\" data-element_type=\"widget\" data-e-type=\"widget\" data-widget_type=\"eael-flip-box.default\">\n\t\t\t\t<div class=\"elementor-widget-container\">\n\t\t\t\t\t        <div class=\"eael-elements-flip-box-container eael-animate-flip eael-animate-left eael-content eael-flip-box-hover eael-flipbox-fixed-height eael-flipbox-dynamic\">\n\n            <div class=\"eael-elements-flip-box-flip-card\">\n                <div class=\"eael-elements-flip-box-front-container\">\n                    \n                    \n                        <div class=\"eael-elements-slider-display-table\">\n                            <div class=\"eael-elements-flip-box-vertical-align\">\n                                <div class=\"eael-elements-flip-box-padding\">\n                                    <div class=\"eael-elements-flip-box-icon-image\">\n                                                                                                                                                                        <\/div>\n                                    <h2 class=\"eael-elements-flip-box-heading\">Modern technol\u00f3gia \u00e9s eszk\u00f6zpark  <\/h2>                                    <div class=\"eael-elements-flip-box-content\">\n\t                                                                        <\/div>\n                                <\/div>\n                            <\/div>\n                        <\/div>\n                                    <\/div>\n\n                <div class=\"eael-elements-flip-box-rear-container\">\n                                                                <div class=\"eael-elements-slider-display-table\">\n                            <div class=\"eael-elements-flip-box-vertical-align\">\n                                <div class=\"eael-elements-flip-box-padding\">\n                                                                            <div class=\"eael-elements-flip-box-icon-image\">\n                                                                                            <img decoding=\"async\" class=\"eael-flipbox-image-as-icon\" src=\"\" alt=\"\">\n                                                                                    <\/div>\n                                                                                                            <div class=\"eael-elements-flip-box-content\">\n                                        <p><span style=\"font-weight: 400\">\u00a0C\u00e9g\u00fcnk korszer\u0171 emel\u0151- \u00e9s sz\u00e1ll\u00edt\u00f3berendez\u00e9sekkel, valamint fejlett szerel\u00e9si technol\u00f3gi\u00e1kkal dolgozik, amelyek lehet\u0151v\u00e9 teszik a t\u00f6bb tonn\u00e1s g\u00e9pek \u00e9s bonyolult ipari rendszerek biztons\u00e1gos mozgat\u00e1s\u00e1t. A modern eszk\u00f6zpark nemcsak a precizit\u00e1st, hanem a hat\u00e9konys\u00e1got is biztos\u00edtja, \u00edgy \u00fcgyfeleink minim\u00e1lis \u00e1ll\u00e1sid\u0151vel sz\u00e1molhatnak.<\/span><\/p>                                    <\/div>\n\n                                                                    <\/div>\n                            <\/div>\n                        <\/div>\n                                    <\/div>\n            <\/div>\n        <\/div>\n        \t\t\t\t<\/div>\n\t\t\t\t<\/div>\n\t\t\t\t<div class=\"elementor-element elementor-element-fc3740c eael-flipbox-content-align-center eael_wd_liquid_glass-effect1 elementor-widget elementor-widget-eael-flip-box\" data-id=\"fc3740c\" data-element_type=\"widget\" data-e-type=\"widget\" data-widget_type=\"eael-flip-box.default\">\n\t\t\t\t<div class=\"elementor-widget-container\">\n\t\t\t\t\t        <div class=\"eael-elements-flip-box-container eael-animate-flip eael-animate-left eael-content eael-flip-box-hover eael-flipbox-fixed-height eael-flipbox-dynamic\">\n\n            <div class=\"eael-elements-flip-box-flip-card\">\n                <div class=\"eael-elements-flip-box-front-container\">\n                    \n                    \n                        <div class=\"eael-elements-slider-display-table\">\n                            <div class=\"eael-elements-flip-box-vertical-align\">\n                                <div class=\"eael-elements-flip-box-padding\">\n                                    <div class=\"eael-elements-flip-box-icon-image\">\n                                                                                                                                                                        <\/div>\n                                    <h2 class=\"eael-elements-flip-box-heading\">Min\u0151s\u00e9gi alapanyagok \u00e9s tart\u00f3s megold\u00e1sok<\/h2>                                    <div class=\"eael-elements-flip-box-content\">\n\t                                                                        <\/div>\n                                <\/div>\n                            <\/div>\n                        <\/div>\n                                    <\/div>\n\n                <div class=\"eael-elements-flip-box-rear-container\">\n                                                                <div class=\"eael-elements-slider-display-table\">\n                            <div class=\"eael-elements-flip-box-vertical-align\">\n                                <div class=\"eael-elements-flip-box-padding\">\n                                                                            <div class=\"eael-elements-flip-box-icon-image\">\n                                                                                            <\/div>\n                                                                                                            <div class=\"eael-elements-flip-box-content\">\n                                        <p><span style=\"font-weight: 400\">\u00a0A g\u00e9pszerel\u00e9s \u00e9s ipari kivitelez\u00e9s sor\u00e1n kiz\u00e1r\u00f3lag min\u0151s\u00e9gi alapanyagokat \u00e9s bevizsg\u00e1lt szerel\u00e9si elemeket haszn\u00e1lunk. Ez nemcsak a szerkezetek biztons\u00e1g\u00e1t n\u00f6veli, hanem hossz\u00fa t\u00e1von cs\u00f6kkenti a karbantart\u00e1si k\u00f6lts\u00e9geket is. A M.E. Engineering c\u00e9lja, hogy \u00fcgyfelei olyan megold\u00e1sokat kapjanak, amelyek hossz\u00fa t\u00e1von is megb\u00edzhat\u00f3an szolg\u00e1lj\u00e1k a termel\u00e9st.<\/span><\/p>                                    <\/div>\n\n                                                                    <\/div>\n                            <\/div>\n                        <\/div>\n                                    <\/div>\n            <\/div>\n        <\/div>\n        \t\t\t\t<\/div>\n\t\t\t\t<\/div>\n\t\t\t\t<div class=\"elementor-element elementor-element-f52700d eael-flipbox-content-align-center eael_wd_liquid_glass-effect1 elementor-widget elementor-widget-eael-flip-box\" data-id=\"f52700d\" data-element_type=\"widget\" data-e-type=\"widget\" data-widget_type=\"eael-flip-box.default\">\n\t\t\t\t<div class=\"elementor-widget-container\">\n\t\t\t\t\t        <div class=\"eael-elements-flip-box-container eael-animate-flip eael-animate-left eael-content eael-flip-box-hover eael-flipbox-fixed-height eael-flipbox-dynamic\">\n\n            <div class=\"eael-elements-flip-box-flip-card\">\n                <div class=\"eael-elements-flip-box-front-container\">\n                    \n                    \n                        <div class=\"eael-elements-slider-display-table\">\n                            <div class=\"eael-elements-flip-box-vertical-align\">\n                                <div class=\"eael-elements-flip-box-padding\">\n                                    <div class=\"eael-elements-flip-box-icon-image\">\n                                                                                                                                                                        <\/div>\n                                    <h2 class=\"eael-elements-flip-box-heading\">Biztons\u00e1gk\u00f6zpont\u00fa munkav\u00e9gz\u00e9s<\/h2>                                    <div class=\"eael-elements-flip-box-content\">\n\t                                                                        <\/div>\n                                <\/div>\n                            <\/div>\n                        <\/div>\n                                    <\/div>\n\n                <div class=\"eael-elements-flip-box-rear-container\">\n                                                                <div class=\"eael-elements-slider-display-table\">\n                            <div class=\"eael-elements-flip-box-vertical-align\">\n                                <div class=\"eael-elements-flip-box-padding\">\n                                                                            <div class=\"eael-elements-flip-box-icon-image\">\n                                                                                            <\/div>\n                                                                                                            <div class=\"eael-elements-flip-box-content\">\n                                        <p>Minden g\u00e9pszerel\u00e9si projekt\u00fcnkn\u00e9l kiemelt figyelmet ford\u00edtunk a munkav\u00e9delmi el\u0151\u00edr\u00e1sok betart\u00e1s\u00e1ra \u00e9s a kock\u00e1zatok minimaliz\u00e1l\u00e1s\u00e1ra. Folyamataink biztos\u00edtj\u00e1k, hogy a kivitelez\u00e9s nemcsak hat\u00e9kony, hanem teljes m\u00e9rt\u00e9kben biztons\u00e1gos legyen az \u00fczem \u00e9s az ott dolgoz\u00f3k sz\u00e1m\u00e1ra.<\/p>                                    <\/div>\n\n                                                                    <\/div>\n                            <\/div>\n                        <\/div>\n                                    <\/div>\n            <\/div>\n        <\/div>\n        \t\t\t\t<\/div>\n\t\t\t\t<\/div>\n\t\t\t\t<div class=\"elementor-element elementor-element-41316bb eael-flipbox-content-align-center eael_wd_liquid_glass-effect1 elementor-widget elementor-widget-eael-flip-box\" data-id=\"41316bb\" data-element_type=\"widget\" data-e-type=\"widget\" data-widget_type=\"eael-flip-box.default\">\n\t\t\t\t<div class=\"elementor-widget-container\">\n\t\t\t\t\t        <div class=\"eael-elements-flip-box-container eael-animate-flip eael-animate-left eael-content eael-flip-box-hover eael-flipbox-fixed-height eael-flipbox-dynamic\">\n\n            <div class=\"eael-elements-flip-box-flip-card\">\n                <div class=\"eael-elements-flip-box-front-container\">\n                    \n                    \n                        <div class=\"eael-elements-slider-display-table\">\n                            <div class=\"eael-elements-flip-box-vertical-align\">\n                                <div class=\"eael-elements-flip-box-padding\">\n                                    <div class=\"eael-elements-flip-box-icon-image\">\n                                                                                                                                                                        <\/div>\n                                    <h2 class=\"eael-elements-flip-box-heading\">Megb\u00edzhat\u00f3 partner az ipari kivitelez\u00e9sben<\/h2>                                    <div class=\"eael-elements-flip-box-content\">\n\t                                                                        <\/div>\n                                <\/div>\n                            <\/div>\n                        <\/div>\n                                    <\/div>\n\n                <div class=\"eael-elements-flip-box-rear-container\">\n                                                                <div class=\"eael-elements-slider-display-table\">\n                            <div class=\"eael-elements-flip-box-vertical-align\">\n                                <div class=\"eael-elements-flip-box-padding\">\n                                                                            <div class=\"eael-elements-flip-box-icon-image\">\n                                                                                            <img decoding=\"async\" class=\"eael-flipbox-image-as-icon\" src=\"\" alt=\"\">\n                                                                                    <\/div>\n                                                                                                            <div class=\"eael-elements-flip-box-content\">\n                                        <p><span style=\"font-weight: 400\">Szak\u00e9rtelm\u00fcnkkel \u00e9s technol\u00f3giai h\u00e1tter\u00fcnkkel minden ipar\u00e1gban biztos\u00edtani tudjuk a professzion\u00e1lis g\u00e9pszerel\u00e9st \u00e9s ipari berendez\u00e9s telep\u00edt\u00e9st. A M.E. Engineering nemcsak a munkav\u00e9gz\u00e9sben, hanem a tervez\u00e9sben \u00e9s a tan\u00e1csad\u00e1sban is t\u00e1mogatja partnereit, hogy a projektek mindig a lehet\u0151 legjobb eredm\u00e9nnyel z\u00e1ruljanak.<\/span><\/p>                                    <\/div>\n\n                                                                    <\/div>\n                            <\/div>\n                        <\/div>\n                                    <\/div>\n            <\/div>\n        <\/div>\n        \t\t\t\t<\/div>\n\t\t\t\t<\/div>\n\t\t\t\t<\/div>\n\t\t\t\t<div class=\"elementor-element elementor-element-7279b90 elementor-align-left elementor-widget__width-auto elementor-widget elementor-widget-button\" data-id=\"7279b90\" data-element_type=\"widget\" data-e-type=\"widget\" data-widget_type=\"button.default\">\n\t\t\t\t<div class=\"elementor-widget-container\">\n\t\t\t\t\t\t\t\t\t<div class=\"elementor-button-wrapper\">\n\t\t\t\t\t<a class=\"elementor-button elementor-button-link elementor-size-sm\" href=\"\/szolgaltatasok\/geptelepites-es-karbantartas\/\">\n\t\t\t\t\t\t<span class=\"elementor-button-content-wrapper\">\n\t\t\t\t\t\t<span class=\"elementor-button-icon\">\n\t\t\t\t<svg aria-hidden=\"true\" class=\"e-font-icon-svg e-fas-long-arrow-alt-right\" viewBox=\"0 0 448 512\" xmlns=\"http:\/\/www.w3.org\/2000\/svg\"><path d=\"M313.941 216H12c-6.627 0-12 5.373-12 12v56c0 6.627 5.373 12 12 12h301.941v46.059c0 21.382 25.851 32.09 40.971 16.971l86.059-86.059c9.373-9.373 9.373-24.569 0-33.941l-86.059-86.059c-15.119-15.119-40.971-4.411-40.971 16.971V216z\"><\/path><\/svg>\t\t\t<\/span>\n\t\t\t\t\t\t\t\t\t<span class=\"elementor-button-text\">G\u00e9ptelep\u00edt\u00e9s \u00e9s karbantart\u00e1s<\/span>\n\t\t\t\t\t<\/span>\n\t\t\t\t\t<\/a>\n\t\t\t\t<\/div>\n\t\t\t\t\t\t\t\t<\/div>\n\t\t\t\t<\/div>\n\t\t\t\t<\/div>\n\t\t\t\t<\/div>\n\t\t\t\t<\/div>\n\t\t","protected":false},"excerpt":{"rendered":"<p>Szak\u00e9rtelem \u00e9s technol\u00f3gia Vissza a Szolg\u00e1ltat\u00e1sokhoz A M.E. Engineering nemcsak Magyarorsz\u00e1gon, hanem t\u00f6bb eur\u00f3pai orsz\u00e1gban is sikeresen val\u00f3s\u00edtott meg ipari projekteket. Ausztri\u00e1ban. N\u00e9metorsz\u00e1gban, Sv\u00e1jcban l\u00e9gkezel\u0151 rendszerek telep\u00edt\u00e9s\u00e9t v\u00e9gezt\u00fck el, m\u00edg haz\u00e1nkban sz\u00e1mos g\u00e9ptelep\u00edt\u00e9si \u00e9s g\u00e9pmozgat\u00e1si feladatot l\u00e1ttunk el k\u00fcl\u00f6nb\u00f6z\u0151 ipar\u00e1gakban. Tapasztalatunk \u00e9s megb\u00edzhat\u00f3 csapatunk garant\u00e1lja, hogy minden kivitelez\u00e9s pontosan, biztons\u00e1gosan \u00e9s hat\u00e1rid\u0151re t\u00f6rt\u00e9njen. Modern technol\u00f3gia [&hellip;]<\/p>\n","protected":false},"author":2,"featured_media":0,"parent":2597,"menu_order":0,"comment_status":"closed","ping_status":"closed","template":"","meta":{"site-sidebar-layout":"no-sidebar","site-content-layout":"page-builder","ast-site-content-layout":"full-width-container","site-content-style":"unboxed","site-sidebar-style":"unboxed","ast-global-header-display":"","ast-banner-title-visibility":"","ast-main-header-display":"","ast-hfb-above-header-display":"","ast-hfb-below-header-display":"","ast-hfb-mobile-header-display":"","site-post-title":"disabled","ast-breadcrumbs-content":"","ast-featured-img":"disabled","footer-sml-layout":"","ast-disable-related-posts":"","theme-transparent-header-meta":"enabled","adv-header-id-meta":"","stick-header-meta":"","header-above-stick-meta":"","header-main-stick-meta":"","header-below-stick-meta":"","astra-migrate-meta-layouts":"set","ast-page-background-enabled":"default","ast-page-background-meta":{"desktop":{"background-color":"","background-image":"","background-repeat":"repeat","background-position":"center center","background-size":"auto","background-attachment":"scroll","background-type":"","background-media":"","overlay-type":"","overlay-color":"","overlay-opacity":"","overlay-gradient":""},"tablet":{"background-color":"","background-image":"","background-repeat":"repeat","background-position":"center center","background-size":"auto","background-attachment":"scroll","background-type":"","background-media":"","overlay-type":"","overlay-color":"","overlay-opacity":"","overlay-gradient":""},"mobile":{"background-color":"","background-image":"","background-repeat":"repeat","background-position":"center center","background-size":"auto","background-attachment":"scroll","background-type":"","background-media":"","overlay-type":"","overlay-color":"","overlay-opacity":"","overlay-gradient":""}},"ast-content-background-meta":{"desktop":{"background-color":"var(--ast-global-color-5)","background-image":"","background-repeat":"repeat","background-position":"center center","background-size":"auto","background-attachment":"scroll","background-type":"","background-media":"","overlay-type":"","overlay-color":"","overlay-opacity":"","overlay-gradient":""},"tablet":{"background-color":"var(--ast-global-color-5)","background-image":"","background-repeat":"repeat","background-position":"center center","background-size":"auto","background-attachment":"scroll","background-type":"","background-media":"","overlay-type":"","overlay-color":"","overlay-opacity":"","overlay-gradient":""},"mobile":{"background-color":"var(--ast-global-color-5)","background-image":"","background-repeat":"repeat","background-position":"center center","background-size":"auto","background-attachment":"scroll","background-type":"","background-media":"","overlay-type":"","overlay-color":"","overlay-opacity":"","overlay-gradient":""}},"footnotes":""},"class_list":["post-3216","page","type-page","status-publish","hentry"],"aioseo_notices":[],"_links":{"self":[{"href":"https:\/\/me-engineering.com\/en\/wp-json\/wp\/v2\/pages\/3216","targetHints":{"allow":["GET"]}}],"collection":[{"href":"https:\/\/me-engineering.com\/en\/wp-json\/wp\/v2\/pages"}],"about":[{"href":"https:\/\/me-engineering.com\/en\/wp-json\/wp\/v2\/types\/page"}],"author":[{"embeddable":true,"href":"https:\/\/me-engineering.com\/en\/wp-json\/wp\/v2\/users\/2"}],"replies":[{"embeddable":true,"href":"https:\/\/me-engineering.com\/en\/wp-json\/wp\/v2\/comments?post=3216"}],"version-history":[{"count":25,"href":"https:\/\/me-engineering.com\/en\/wp-json\/wp\/v2\/pages\/3216\/revisions"}],"predecessor-version":[{"id":4340,"href":"https:\/\/me-engineering.com\/en\/wp-json\/wp\/v2\/pages\/3216\/revisions\/4340"}],"up":[{"embeddable":true,"href":"https:\/\/me-engineering.com\/en\/wp-json\/wp\/v2\/pages\/2597"}],"wp:attachment":[{"href":"https:\/\/me-engineering.com\/en\/wp-json\/wp\/v2\/media?parent=3216"}],"curies":[{"name":"wp","href":"https:\/\/api.w.org\/{rel}","templated":true}]}}