{"id":3192,"date":"2025-11-28T12:33:52","date_gmt":"2025-11-28T12:33:52","guid":{"rendered":"https:\/\/me-engineering.com\/?page_id=3192"},"modified":"2026-02-24T11:47:17","modified_gmt":"2026-02-24T11:47:17","slug":"ipari-csoszereles","status":"publish","type":"page","link":"https:\/\/me-engineering.com\/en\/szolgaltatasok\/ipari-csoszereles\/","title":{"rendered":"Industrial pipe installation"},"content":{"rendered":"\t\t<div data-elementor-type=\"wp-post\" data-elementor-id=\"3192\" class=\"elementor elementor-3192\">\n\t\t\t\t<div class=\"elementor-element elementor-element-ce24903 e-con-full e-flex e-con e-child\" data-id=\"ce24903\" data-element_type=\"container\" data-e-type=\"container\" data-settings=\"{&quot;background_background&quot;:&quot;slideshow&quot;,&quot;background_slideshow_gallery&quot;:[{&quot;id&quot;:1050,&quot;url&quot;:&quot;https:\\\/\\\/me-engineering.com\\\/wp-content\\\/uploads\\\/2024\\\/12\\\/PHOTO-2024-12-13-13-36-15.jpg&quot;},{&quot;id&quot;:1307,&quot;url&quot;:&quot;https:\\\/\\\/me-engineering.com\\\/wp-content\\\/uploads\\\/2024\\\/12\\\/PHOTO-2024-12-13-13-36-18_3.jpg&quot;},{&quot;id&quot;:1305,&quot;url&quot;:&quot;https:\\\/\\\/me-engineering.com\\\/wp-content\\\/uploads\\\/2024\\\/12\\\/PHOTO-2024-12-13-13-36-18_1.jpg&quot;}],&quot;background_slideshow_slide_duration&quot;:3000,&quot;background_slideshow_loop&quot;:&quot;yes&quot;,&quot;background_slideshow_slide_transition&quot;:&quot;fade&quot;,&quot;background_slideshow_transition_duration&quot;:500}\">\n\t\t\t\t<div class=\"elementor-element elementor-element-c4b7e7d elementor-widget__width-initial elementor-widget-mobile__width-inherit elementor-widget elementor-widget-heading\" data-id=\"c4b7e7d\" data-element_type=\"widget\" data-e-type=\"widget\" data-widget_type=\"heading.default\">\n\t\t\t\t<div class=\"elementor-widget-container\">\n\t\t\t\t\t<h2 class=\"elementor-heading-title elementor-size-default\">Ipari cs\u0151szerel\u00e9s<\/h2>\t\t\t\t<\/div>\n\t\t\t\t<\/div>\n\t\t\t\t<\/div>\n\t\t<div class=\"elementor-element elementor-element-4d610df8 e-con-full e-flex e-con e-parent\" data-id=\"4d610df8\" data-element_type=\"container\" data-e-type=\"container\" data-settings=\"{&quot;background_background&quot;:&quot;classic&quot;}\">\n\t\t<div class=\"elementor-element elementor-element-1e04ff20 e-con-full e-flex e-con e-child\" data-id=\"1e04ff20\" data-element_type=\"container\" data-e-type=\"container\">\n\t\t\t\t<\/div>\n\t\t<div class=\"elementor-element elementor-element-594c85ca e-con-full e-flex e-con e-child\" data-id=\"594c85ca\" data-element_type=\"container\" data-e-type=\"container\">\n\t\t<div class=\"elementor-element elementor-element-6d9d6e1d e-con-full e-flex e-con e-child\" data-id=\"6d9d6e1d\" data-element_type=\"container\" data-e-type=\"container\">\n\t\t\t\t<div class=\"elementor-element elementor-element-ce82b09 elementor-align-left elementor-widget__width-auto boxed-list elementor-widget elementor-widget-button\" data-id=\"ce82b09\" data-element_type=\"widget\" data-e-type=\"widget\" data-widget_type=\"button.default\">\n\t\t\t\t<div class=\"elementor-widget-container\">\n\t\t\t\t\t\t\t\t\t<div class=\"elementor-button-wrapper\">\n\t\t\t\t\t<a class=\"elementor-button elementor-button-link elementor-size-sm\" href=\"\/szolgaltatasok\/\">\n\t\t\t\t\t\t<span class=\"elementor-button-content-wrapper\">\n\t\t\t\t\t\t<span class=\"elementor-button-icon\">\n\t\t\t\t<svg aria-hidden=\"true\" class=\"e-font-icon-svg e-fas-long-arrow-alt-left\" viewBox=\"0 0 448 512\" xmlns=\"http:\/\/www.w3.org\/2000\/svg\"><path d=\"M134.059 296H436c6.627 0 12-5.373 12-12v-56c0-6.627-5.373-12-12-12H134.059v-46.059c0-21.382-25.851-32.09-40.971-16.971L7.029 239.029c-9.373 9.373-9.373 24.569 0 33.941l86.059 86.059c15.119 15.119 40.971 4.411 40.971-16.971V296z\"><\/path><\/svg>\t\t\t<\/span>\n\t\t\t\t\t\t\t\t\t<span class=\"elementor-button-text\">Vissza a Szolg\u00e1ltat\u00e1sokhoz<\/span>\n\t\t\t\t\t<\/span>\n\t\t\t\t\t<\/a>\n\t\t\t\t<\/div>\n\t\t\t\t\t\t\t\t<\/div>\n\t\t\t\t<\/div>\n\t\t\t\t<div class=\"elementor-element elementor-element-6c9cf26b elementor-widget elementor-widget-heading\" data-id=\"6c9cf26b\" data-element_type=\"widget\" data-e-type=\"widget\" data-widget_type=\"heading.default\">\n\t\t\t\t<div class=\"elementor-widget-container\">\n\t\t\t\t\t<h3 class=\"elementor-heading-title elementor-size-default\">Az ipari l\u00e9tes\u00edtm\u00e9nyekben a cs\u0151vezet\u00e9krendszer megb\u00edzhat\u00f3 \u00e9s biztons\u00e1gos m\u0171k\u00f6d\u00e9se elengedhetetlen a folyamatos termel\u00e9shez \u00e9s a stabil energia- illetve anyag\u00e1raml\u00e1shoz. Az M.E. Engineering olyan cs\u0151szerel\u00e9si megold\u00e1sokat ny\u00fajt, amelyek a gondos tervez\u00e9snek \u00e9s a prec\u00edz kivitelez\u00e9snek k\u00f6sz\u00f6nhet\u0151en cs\u00f6kkentik a meghib\u00e1sod\u00e1sok kock\u00e1zat\u00e1t, mik\u00f6zben n\u00f6velik az \u00fczem hat\u00e9konys\u00e1g\u00e1t. Szak\u00e9rtelm\u00fcnkkel hozz\u00e1j\u00e1rulunk ahhoz, hogy a rendszerek hossz\u00fa t\u00e1von is \u00fczembiztosan m\u0171k\u00f6djenek.<\/h3>\t\t\t\t<\/div>\n\t\t\t\t<\/div>\n\t\t\t\t<\/div>\n\t\t<div class=\"elementor-element elementor-element-8674969 e-con-full e-grid e-con e-child\" data-id=\"8674969\" data-element_type=\"container\" data-e-type=\"container\" data-settings=\"{&quot;background_background&quot;:&quot;classic&quot;}\">\n\t\t\t\t<div class=\"elementor-element elementor-element-b66c7b2 eael-flipbox-content-align-center eael_wd_liquid_glass-effect1 elementor-widget elementor-widget-eael-flip-box\" data-id=\"b66c7b2\" data-element_type=\"widget\" data-e-type=\"widget\" data-widget_type=\"eael-flip-box.default\">\n\t\t\t\t<div class=\"elementor-widget-container\">\n\t\t\t\t\t        <div class=\"eael-elements-flip-box-container eael-animate-flip eael-animate-left eael-content eael-flip-box-hover eael-flipbox-fixed-height eael-flipbox-dynamic\">\n\n            <div class=\"eael-elements-flip-box-flip-card\">\n                <div class=\"eael-elements-flip-box-front-container\">\n                    \n                    \n                        <div class=\"eael-elements-slider-display-table\">\n                            <div class=\"eael-elements-flip-box-vertical-align\">\n                                <div class=\"eael-elements-flip-box-padding\">\n                                    <div class=\"eael-elements-flip-box-icon-image\">\n                                                                                                                                                                        <\/div>\n                                    <h2 class=\"eael-elements-flip-box-heading\">Ipari cs\u0151szerel\u00e9s szak\u00e9rtelemmel<\/h2>                                    <div class=\"eael-elements-flip-box-content\">\n\t                                                                        <\/div>\n                                <\/div>\n                            <\/div>\n                        <\/div>\n                                    <\/div>\n\n                <div class=\"eael-elements-flip-box-rear-container\">\n                                                                <div class=\"eael-elements-slider-display-table\">\n                            <div class=\"eael-elements-flip-box-vertical-align\">\n                                <div class=\"eael-elements-flip-box-padding\">\n                                                                            <div class=\"eael-elements-flip-box-icon-image\">\n                                                                                            <img decoding=\"async\" class=\"eael-flipbox-image-as-icon\" src=\"\" alt=\"\">\n                                                                                    <\/div>\n                                                                                                            <div class=\"eael-elements-flip-box-content\">\n                                        <p><span style=\"font-weight: 400\">\u00c1tfog\u00f3 megold\u00e1sokat k\u00edn\u00e1lunk ipari cs\u0151szerel\u00e9s ter\u00fclet\u00e9n, a tervez\u00e9st\u0151l a kivitelez\u00e9sig. V\u00e1llaljuk technol\u00f3giai cs\u0151h\u00e1l\u00f3zatok szerel\u00e9s\u00e9t, ipari cs\u0151vezet\u00e9kek ki\u00e9p\u00edt\u00e9s\u00e9t \u00e9s \u00e1talak\u00edt\u00e1s\u00e1t k\u00fcl\u00f6nb\u00f6z\u0151 ipar\u00e1gakban. Csapatunk gondoskodik arr\u00f3l, hogy minden cs\u0151szerel\u00e9si munka a legszigor\u00fabb m\u0171szaki el\u0151\u00edr\u00e1sok \u00e9s biztons\u00e1gi szabv\u00e1nyok betart\u00e1s\u00e1val k\u00e9sz\u00fclj\u00f6n el.<\/span><\/p>                                    <\/div>\n\n                                                                    <\/div>\n                            <\/div>\n                        <\/div>\n                                    <\/div>\n            <\/div>\n        <\/div>\n        \t\t\t\t<\/div>\n\t\t\t\t<\/div>\n\t\t\t\t<div class=\"elementor-element elementor-element-fc3740c eael-flipbox-content-align-center eael_wd_liquid_glass-effect1 elementor-widget elementor-widget-eael-flip-box\" data-id=\"fc3740c\" data-element_type=\"widget\" data-e-type=\"widget\" data-widget_type=\"eael-flip-box.default\">\n\t\t\t\t<div class=\"elementor-widget-container\">\n\t\t\t\t\t        <div class=\"eael-elements-flip-box-container eael-animate-flip eael-animate-left eael-content eael-flip-box-hover eael-flipbox-fixed-height eael-flipbox-dynamic\">\n\n            <div class=\"eael-elements-flip-box-flip-card\">\n                <div class=\"eael-elements-flip-box-front-container\">\n                    \n                    \n                        <div class=\"eael-elements-slider-display-table\">\n                            <div class=\"eael-elements-flip-box-vertical-align\">\n                                <div class=\"eael-elements-flip-box-padding\">\n                                    <div class=\"eael-elements-flip-box-icon-image\">\n                                                                                                                                                                        <\/div>\n                                    <h2 class=\"eael-elements-flip-box-heading\">Technol\u00f3giai cs\u0151h\u00e1l\u00f3zat kivitelez\u00e9s<\/h2>                                    <div class=\"eael-elements-flip-box-content\">\n\t                                                                        <\/div>\n                                <\/div>\n                            <\/div>\n                        <\/div>\n                                    <\/div>\n\n                <div class=\"eael-elements-flip-box-rear-container\">\n                                                                <div class=\"eael-elements-slider-display-table\">\n                            <div class=\"eael-elements-flip-box-vertical-align\">\n                                <div class=\"eael-elements-flip-box-padding\">\n                                                                            <div class=\"eael-elements-flip-box-icon-image\">\n                                                                                            <\/div>\n                                                                                                            <div class=\"eael-elements-flip-box-content\">\n                                        <p><span style=\"font-weight: 400\">\u00a0Speci\u00e1lis technol\u00f3giai cs\u0151szerel\u00e9si feladatok eset\u00e9n tapasztalt m\u00e9rn\u00f6keink \u00e9s szerel\u0151ink prec\u00edzen dolgoznak, legyen sz\u00f3 g\u0151z-, g\u00e1z-, vegyipari vagy \u00e9lelmiszeripari cs\u0151h\u00e1l\u00f3zat ki\u00e9p\u00edt\u00e9s\u00e9r\u0151l. Korszer\u0171 eszk\u00f6zparkunk \u00e9s szakmai tud\u00e1sunk lehet\u0151v\u00e9 teszi, hogy bonyolult rendszereket is gyorsan \u00e9s pontosan kivitelezz\u00fcnk, garant\u00e1lva a hossz\u00fa t\u00e1v\u00fa megb\u00edzhat\u00f3s\u00e1got.<\/span><\/p>                                    <\/div>\n\n                                                                    <\/div>\n                            <\/div>\n                        <\/div>\n                                    <\/div>\n            <\/div>\n        <\/div>\n        \t\t\t\t<\/div>\n\t\t\t\t<\/div>\n\t\t\t\t<div class=\"elementor-element elementor-element-f52700d eael-flipbox-content-align-center eael_wd_liquid_glass-effect1 elementor-widget elementor-widget-eael-flip-box\" data-id=\"f52700d\" data-element_type=\"widget\" data-e-type=\"widget\" data-widget_type=\"eael-flip-box.default\">\n\t\t\t\t<div class=\"elementor-widget-container\">\n\t\t\t\t\t        <div class=\"eael-elements-flip-box-container eael-animate-flip eael-animate-left eael-content eael-flip-box-hover eael-flipbox-fixed-height eael-flipbox-dynamic\">\n\n            <div class=\"eael-elements-flip-box-flip-card\">\n                <div class=\"eael-elements-flip-box-front-container\">\n                    \n                    \n                        <div class=\"eael-elements-slider-display-table\">\n                            <div class=\"eael-elements-flip-box-vertical-align\">\n                                <div class=\"eael-elements-flip-box-padding\">\n                                    <div class=\"eael-elements-flip-box-icon-image\">\n                                                                                                                                                                        <\/div>\n                                    <h2 class=\"eael-elements-flip-box-heading\">Cs\u0151vezet\u00e9k szerel\u00e9s \u00e9s karbantart\u00e1s<\/h2>                                    <div class=\"eael-elements-flip-box-content\">\n\t                                                                        <\/div>\n                                <\/div>\n                            <\/div>\n                        <\/div>\n                                    <\/div>\n\n                <div class=\"eael-elements-flip-box-rear-container\">\n                                                                <div class=\"eael-elements-slider-display-table\">\n                            <div class=\"eael-elements-flip-box-vertical-align\">\n                                <div class=\"eael-elements-flip-box-padding\">\n                                                                            <div class=\"eael-elements-flip-box-icon-image\">\n                                                                                            <\/div>\n                                                                                                            <div class=\"eael-elements-flip-box-content\">\n                                        <p><span style=\"font-weight: 400\">\u00a0A folyamatos termel\u00e9sbiztons\u00e1g \u00e9rdek\u00e9ben v\u00e1llaljuk megl\u00e9v\u0151 ipari cs\u0151h\u00e1l\u00f3zatok karbantart\u00e1s\u00e1t, \u00e1talak\u00edt\u00e1s\u00e1t \u00e9s jav\u00edt\u00e1s\u00e1t. A M.E. Engineering szakemberei gyorsan reag\u00e1lnak a hib\u00e1kra, \u00e9s biztos\u00edtj\u00e1k a minim\u00e1lis \u00e1ll\u00e1sid\u0151t. Szolg\u00e1ltat\u00e1saink k\u00f6z\u00f6tt szerepel a hegesztett, menetes \u00e9s peremes csatlakoz\u00e1s\u00fa cs\u0151vezet\u00e9kek szerel\u00e9se, valamint a speci\u00e1lis anyagb\u00f3l k\u00e9sz\u00fclt rendszerek prec\u00edz kivitelez\u00e9se.<\/span><\/p>                                    <\/div>\n\n                                                                    <\/div>\n                            <\/div>\n                        <\/div>\n                                    <\/div>\n            <\/div>\n        <\/div>\n        \t\t\t\t<\/div>\n\t\t\t\t<\/div>\n\t\t\t\t<div class=\"elementor-element elementor-element-41316bb eael-flipbox-content-align-center eael_wd_liquid_glass-effect1 elementor-widget elementor-widget-eael-flip-box\" data-id=\"41316bb\" data-element_type=\"widget\" data-e-type=\"widget\" data-widget_type=\"eael-flip-box.default\">\n\t\t\t\t<div class=\"elementor-widget-container\">\n\t\t\t\t\t        <div class=\"eael-elements-flip-box-container eael-animate-flip eael-animate-left eael-content eael-flip-box-hover eael-flipbox-fixed-height eael-flipbox-dynamic\">\n\n            <div class=\"eael-elements-flip-box-flip-card\">\n                <div class=\"eael-elements-flip-box-front-container\">\n                    \n                    \n                        <div class=\"eael-elements-slider-display-table\">\n                            <div class=\"eael-elements-flip-box-vertical-align\">\n                                <div class=\"eael-elements-flip-box-padding\">\n                                    <div class=\"eael-elements-flip-box-icon-image\">\n                                                                                                                                                                        <\/div>\n                                    <h2 class=\"eael-elements-flip-box-heading\">Megb\u00edzhat\u00f3 partner a cs\u0151szerel\u00e9si munk\u00e1kban<\/h2>                                    <div class=\"eael-elements-flip-box-content\">\n\t                                                                        <\/div>\n                                <\/div>\n                            <\/div>\n                        <\/div>\n                                    <\/div>\n\n                <div class=\"eael-elements-flip-box-rear-container\">\n                                                                <div class=\"eael-elements-slider-display-table\">\n                            <div class=\"eael-elements-flip-box-vertical-align\">\n                                <div class=\"eael-elements-flip-box-padding\">\n                                                                            <div class=\"eael-elements-flip-box-icon-image\">\n                                                                                            <img decoding=\"async\" class=\"eael-flipbox-image-as-icon\" src=\"\" alt=\"\">\n                                                                                    <\/div>\n                                                                                                            <div class=\"eael-elements-flip-box-content\">\n                                        <p><span style=\"font-weight: 400\">\u00a0C\u00e9g\u00fcnk rugalmasan alkalmazkodik az \u00fcgyfelek ig\u00e9nyeihez, legyen sz\u00f3 \u00faj ipari cs\u0151h\u00e1l\u00f3zat kivitelez\u00e9s\u00e9r\u0151l vagy megl\u00e9v\u0151 rendszerek korszer\u0171s\u00edt\u00e9s\u00e9r\u0151l. T\u00f6bb\u00e9ves tapasztalatunk \u00e9s referenci\u00e1ink garant\u00e1lj\u00e1k, hogy a M.E. Engineering minden cs\u0151szerel\u00e9si feladatot magas min\u0151s\u00e9gben, biztons\u00e1gosan \u00e9s hat\u00e1rid\u0151re v\u00e9gez el.<\/span><\/p>                                    <\/div>\n\n                                                                    <\/div>\n                            <\/div>\n                        <\/div>\n                                    <\/div>\n            <\/div>\n        <\/div>\n        \t\t\t\t<\/div>\n\t\t\t\t<\/div>\n\t\t\t\t<\/div>\n\t\t\t\t<div class=\"elementor-element elementor-element-7279b90 elementor-align-left elementor-widget__width-auto elementor-widget elementor-widget-button\" data-id=\"7279b90\" data-element_type=\"widget\" data-e-type=\"widget\" data-widget_type=\"button.default\">\n\t\t\t\t<div class=\"elementor-widget-container\">\n\t\t\t\t\t\t\t\t\t<div class=\"elementor-button-wrapper\">\n\t\t\t\t\t<a class=\"elementor-button elementor-button-link elementor-size-sm\" href=\"\/szolgaltatasok\/nemzetkozi-es-hazai-ipari-kivitelezesek\/\">\n\t\t\t\t\t\t<span class=\"elementor-button-content-wrapper\">\n\t\t\t\t\t\t<span class=\"elementor-button-icon\">\n\t\t\t\t<svg aria-hidden=\"true\" class=\"e-font-icon-svg e-fas-long-arrow-alt-right\" viewBox=\"0 0 448 512\" xmlns=\"http:\/\/www.w3.org\/2000\/svg\"><path d=\"M313.941 216H12c-6.627 0-12 5.373-12 12v56c0 6.627 5.373 12 12 12h301.941v46.059c0 21.382 25.851 32.09 40.971 16.971l86.059-86.059c9.373-9.373 9.373-24.569 0-33.941l-86.059-86.059c-15.119-15.119-40.971-4.411-40.971 16.971V216z\"><\/path><\/svg>\t\t\t<\/span>\n\t\t\t\t\t\t\t\t\t<span class=\"elementor-button-text\">Nemzetk\u00f6zi \u00e9s hazai ipar<\/span>\n\t\t\t\t\t<\/span>\n\t\t\t\t\t<\/a>\n\t\t\t\t<\/div>\n\t\t\t\t\t\t\t\t<\/div>\n\t\t\t\t<\/div>\n\t\t\t\t<\/div>\n\t\t\t\t<\/div>\n\t\t\t\t<\/div>\n\t\t","protected":false},"excerpt":{"rendered":"<p>Ipari cs\u0151szerel\u00e9s Vissza a Szolg\u00e1ltat\u00e1sokhoz Az ipari l\u00e9tes\u00edtm\u00e9nyekben a cs\u0151vezet\u00e9krendszer megb\u00edzhat\u00f3 \u00e9s biztons\u00e1gos m\u0171k\u00f6d\u00e9se elengedhetetlen a folyamatos termel\u00e9shez \u00e9s a stabil energia- illetve anyag\u00e1raml\u00e1shoz. Az M.E. Engineering olyan cs\u0151szerel\u00e9si megold\u00e1sokat ny\u00fajt, amelyek a gondos tervez\u00e9snek \u00e9s a prec\u00edz kivitelez\u00e9snek k\u00f6sz\u00f6nhet\u0151en cs\u00f6kkentik a meghib\u00e1sod\u00e1sok kock\u00e1zat\u00e1t, mik\u00f6zben n\u00f6velik az \u00fczem hat\u00e9konys\u00e1g\u00e1t. Szak\u00e9rtelm\u00fcnkkel hozz\u00e1j\u00e1rulunk ahhoz, hogy a rendszerek [&hellip;]<\/p>\n","protected":false},"author":2,"featured_media":0,"parent":2597,"menu_order":0,"comment_status":"closed","ping_status":"closed","template":"","meta":{"site-sidebar-layout":"no-sidebar","site-content-layout":"page-builder","ast-site-content-layout":"full-width-container","site-content-style":"unboxed","site-sidebar-style":"unboxed","ast-global-header-display":"","ast-banner-title-visibility":"","ast-main-header-display":"","ast-hfb-above-header-display":"","ast-hfb-below-header-display":"","ast-hfb-mobile-header-display":"","site-post-title":"disabled","ast-breadcrumbs-content":"","ast-featured-img":"disabled","footer-sml-layout":"","ast-disable-related-posts":"","theme-transparent-header-meta":"enabled","adv-header-id-meta":"","stick-header-meta":"","header-above-stick-meta":"","header-main-stick-meta":"","header-below-stick-meta":"","astra-migrate-meta-layouts":"set","ast-page-background-enabled":"default","ast-page-background-meta":{"desktop":{"background-color":"","background-image":"","background-repeat":"repeat","background-position":"center center","background-size":"auto","background-attachment":"scroll","background-type":"","background-media":"","overlay-type":"","overlay-color":"","overlay-opacity":"","overlay-gradient":""},"tablet":{"background-color":"","background-image":"","background-repeat":"repeat","background-position":"center center","background-size":"auto","background-attachment":"scroll","background-type":"","background-media":"","overlay-type":"","overlay-color":"","overlay-opacity":"","overlay-gradient":""},"mobile":{"background-color":"","background-image":"","background-repeat":"repeat","background-position":"center center","background-size":"auto","background-attachment":"scroll","background-type":"","background-media":"","overlay-type":"","overlay-color":"","overlay-opacity":"","overlay-gradient":""}},"ast-content-background-meta":{"desktop":{"background-color":"var(--ast-global-color-5)","background-image":"","background-repeat":"repeat","background-position":"center center","background-size":"auto","background-attachment":"scroll","background-type":"","background-media":"","overlay-type":"","overlay-color":"","overlay-opacity":"","overlay-gradient":""},"tablet":{"background-color":"var(--ast-global-color-5)","background-image":"","background-repeat":"repeat","background-position":"center center","background-size":"auto","background-attachment":"scroll","background-type":"","background-media":"","overlay-type":"","overlay-color":"","overlay-opacity":"","overlay-gradient":""},"mobile":{"background-color":"var(--ast-global-color-5)","background-image":"","background-repeat":"repeat","background-position":"center center","background-size":"auto","background-attachment":"scroll","background-type":"","background-media":"","overlay-type":"","overlay-color":"","overlay-opacity":"","overlay-gradient":""}},"footnotes":""},"class_list":["post-3192","page","type-page","status-publish","hentry"],"aioseo_notices":[],"_links":{"self":[{"href":"https:\/\/me-engineering.com\/en\/wp-json\/wp\/v2\/pages\/3192","targetHints":{"allow":["GET"]}}],"collection":[{"href":"https:\/\/me-engineering.com\/en\/wp-json\/wp\/v2\/pages"}],"about":[{"href":"https:\/\/me-engineering.com\/en\/wp-json\/wp\/v2\/types\/page"}],"author":[{"embeddable":true,"href":"https:\/\/me-engineering.com\/en\/wp-json\/wp\/v2\/users\/2"}],"replies":[{"embeddable":true,"href":"https:\/\/me-engineering.com\/en\/wp-json\/wp\/v2\/comments?post=3192"}],"version-history":[{"count":27,"href":"https:\/\/me-engineering.com\/en\/wp-json\/wp\/v2\/pages\/3192\/revisions"}],"predecessor-version":[{"id":4334,"href":"https:\/\/me-engineering.com\/en\/wp-json\/wp\/v2\/pages\/3192\/revisions\/4334"}],"up":[{"embeddable":true,"href":"https:\/\/me-engineering.com\/en\/wp-json\/wp\/v2\/pages\/2597"}],"wp:attachment":[{"href":"https:\/\/me-engineering.com\/en\/wp-json\/wp\/v2\/media?parent=3192"}],"curies":[{"name":"wp","href":"https:\/\/api.w.org\/{rel}","templated":true}]}}