{"id":3174,"date":"2025-11-23T21:30:58","date_gmt":"2025-11-23T21:30:58","guid":{"rendered":"https:\/\/me-engineering.com\/?page_id=3174"},"modified":"2026-02-24T11:46:55","modified_gmt":"2026-02-24T11:46:55","slug":"femszerkezet-epites-gyartas-es-hegesztes","status":"publish","type":"page","link":"https:\/\/me-engineering.com\/en\/szolgaltatasok\/femszerkezet-epites-gyartas-es-hegesztes\/","title":{"rendered":"Metal structure construction, manufacturing and welding"},"content":{"rendered":"\t\t<div data-elementor-type=\"wp-post\" data-elementor-id=\"3174\" class=\"elementor elementor-3174\">\n\t\t\t\t<div class=\"elementor-element elementor-element-a7a8138 e-con-full e-flex e-con e-child\" data-id=\"a7a8138\" data-element_type=\"container\" data-e-type=\"container\" data-settings=\"{&quot;background_background&quot;:&quot;slideshow&quot;,&quot;background_slideshow_gallery&quot;:[{&quot;id&quot;:1050,&quot;url&quot;:&quot;https:\\\/\\\/me-engineering.com\\\/wp-content\\\/uploads\\\/2024\\\/12\\\/PHOTO-2024-12-13-13-36-15.jpg&quot;},{&quot;id&quot;:1307,&quot;url&quot;:&quot;https:\\\/\\\/me-engineering.com\\\/wp-content\\\/uploads\\\/2024\\\/12\\\/PHOTO-2024-12-13-13-36-18_3.jpg&quot;},{&quot;id&quot;:1305,&quot;url&quot;:&quot;https:\\\/\\\/me-engineering.com\\\/wp-content\\\/uploads\\\/2024\\\/12\\\/PHOTO-2024-12-13-13-36-18_1.jpg&quot;}],&quot;background_slideshow_slide_duration&quot;:3000,&quot;background_slideshow_loop&quot;:&quot;yes&quot;,&quot;background_slideshow_slide_transition&quot;:&quot;fade&quot;,&quot;background_slideshow_transition_duration&quot;:500}\">\n\t\t\t\t<div class=\"elementor-element elementor-element-82f3fa0 elementor-widget__width-initial elementor-widget-mobile__width-inherit elementor-widget elementor-widget-heading\" data-id=\"82f3fa0\" data-element_type=\"widget\" data-e-type=\"widget\" data-widget_type=\"heading.default\">\n\t\t\t\t<div class=\"elementor-widget-container\">\n\t\t\t\t\t<h2 class=\"elementor-heading-title elementor-size-default\">Ac\u00e9lszerkezetek, hegeszt\u00e9s<\/h2>\t\t\t\t<\/div>\n\t\t\t\t<\/div>\n\t\t\t\t<\/div>\n\t\t<div class=\"elementor-element elementor-element-4d610df8 e-con-full e-flex e-con e-parent\" data-id=\"4d610df8\" data-element_type=\"container\" data-e-type=\"container\" data-settings=\"{&quot;background_background&quot;:&quot;classic&quot;}\">\n\t\t<div class=\"elementor-element elementor-element-1e04ff20 e-con-full e-flex e-con e-child\" data-id=\"1e04ff20\" data-element_type=\"container\" data-e-type=\"container\">\n\t\t\t\t<\/div>\n\t\t<div class=\"elementor-element elementor-element-594c85ca e-con-full e-flex e-con e-child\" data-id=\"594c85ca\" data-element_type=\"container\" data-e-type=\"container\">\n\t\t<div class=\"elementor-element elementor-element-6d9d6e1d e-con-full e-flex e-con e-child\" data-id=\"6d9d6e1d\" data-element_type=\"container\" data-e-type=\"container\">\n\t\t\t\t<div class=\"elementor-element elementor-element-a07d23a elementor-align-left elementor-widget__width-auto boxed-list elementor-widget elementor-widget-button\" data-id=\"a07d23a\" data-element_type=\"widget\" data-e-type=\"widget\" data-widget_type=\"button.default\">\n\t\t\t\t<div class=\"elementor-widget-container\">\n\t\t\t\t\t\t\t\t\t<div class=\"elementor-button-wrapper\">\n\t\t\t\t\t<a class=\"elementor-button elementor-button-link elementor-size-sm\" href=\"\/szolgaltatasok\/\">\n\t\t\t\t\t\t<span class=\"elementor-button-content-wrapper\">\n\t\t\t\t\t\t<span class=\"elementor-button-icon\">\n\t\t\t\t<svg aria-hidden=\"true\" class=\"e-font-icon-svg e-fas-long-arrow-alt-left\" viewBox=\"0 0 448 512\" xmlns=\"http:\/\/www.w3.org\/2000\/svg\"><path d=\"M134.059 296H436c6.627 0 12-5.373 12-12v-56c0-6.627-5.373-12-12-12H134.059v-46.059c0-21.382-25.851-32.09-40.971-16.971L7.029 239.029c-9.373 9.373-9.373 24.569 0 33.941l86.059 86.059c15.119 15.119 40.971 4.411 40.971-16.971V296z\"><\/path><\/svg>\t\t\t<\/span>\n\t\t\t\t\t\t\t\t\t<span class=\"elementor-button-text\">Vissza a Szolg\u00e1ltat\u00e1sokhoz<\/span>\n\t\t\t\t\t<\/span>\n\t\t\t\t\t<\/a>\n\t\t\t\t<\/div>\n\t\t\t\t\t\t\t\t<\/div>\n\t\t\t\t<\/div>\n\t\t\t\t<div class=\"elementor-element elementor-element-6c9cf26b elementor-widget elementor-widget-heading\" data-id=\"6c9cf26b\" data-element_type=\"widget\" data-e-type=\"widget\" data-widget_type=\"heading.default\">\n\t\t\t\t<div class=\"elementor-widget-container\">\n\t\t\t\t\t<h3 class=\"elementor-heading-title elementor-size-default\">A M.E. Engineering \u00e1tfog\u00f3 megold\u00e1sokat k\u00edn\u00e1l f\u00e9mszerkezetek gy\u00e1rt\u00e1s\u00e1ban, kivitelez\u00e9s\u00e9ben \u00e9s karbantart\u00e1s\u00e1ban, a kisebb ac\u00e9lszerkezetekt\u0151l az ipari berendez\u00e9sek komplex tart\u00f3szerkezeteiig. Tapasztalt szakembereink prec\u00edz hegeszt\u00e9si technol\u00f3gi\u00e1kkal (MIG\/MAG, AWI, l\u00e1nghegeszt\u00e9s) biztos\u00edtj\u00e1k a szerkezetek tart\u00f3ss\u00e1g\u00e1t \u00e9s megb\u00edzhat\u00f3s\u00e1g\u00e1t, valamint gyors jav\u00edt\u00e1st v\u00e9geznek meghib\u00e1sod\u00e1sok eset\u00e9n, minimaliz\u00e1lva a le\u00e1ll\u00e1sokat. Rendszeres ellen\u0151rz\u00e9ssel \u00e9s karbantart\u00e1ssal meghosszabb\u00edtjuk az ac\u00e9lszerkezetek \u00e9lettartam\u00e1t, garant\u00e1lva a biztons\u00e1gos \u00fczemeltet\u00e9st. T\u00f6bb\u00e9ves ipari tapasztalatunkkal megb\u00edzhat\u00f3 partnerk\u00e9nt t\u00e1mogatjuk \u00fcgyfeleinket \u00faj szerkezetek \u00e9p\u00edt\u00e9s\u00e9ben, fel\u00faj\u00edt\u00e1s\u00e1ban \u00e9s speci\u00e1lis f\u00e9mmunk\u00e1kban, minden projektben a min\u0151s\u00e9get \u00e9s pontoss\u00e1got el\u0151t\u00e9rbe helyezve.<\/h3>\t\t\t\t<\/div>\n\t\t\t\t<\/div>\n\t\t\t\t<\/div>\n\t\t<div class=\"elementor-element elementor-element-8674969 e-con-full e-grid e-con e-child\" data-id=\"8674969\" data-element_type=\"container\" data-e-type=\"container\" data-settings=\"{&quot;background_background&quot;:&quot;classic&quot;}\">\n\t\t\t\t<div class=\"elementor-element elementor-element-b66c7b2 eael-flipbox-content-align-center eael_wd_liquid_glass-effect1 elementor-widget elementor-widget-eael-flip-box\" data-id=\"b66c7b2\" data-element_type=\"widget\" data-e-type=\"widget\" data-widget_type=\"eael-flip-box.default\">\n\t\t\t\t<div class=\"elementor-widget-container\">\n\t\t\t\t\t        <div class=\"eael-elements-flip-box-container eael-animate-flip eael-animate-left eael-content eael-flip-box-hover eael-flipbox-fixed-height eael-flipbox-dynamic\">\n\n            <div class=\"eael-elements-flip-box-flip-card\">\n                <div class=\"eael-elements-flip-box-front-container\">\n                    \n                    \n                        <div class=\"eael-elements-slider-display-table\">\n                            <div class=\"eael-elements-flip-box-vertical-align\">\n                                <div class=\"eael-elements-flip-box-padding\">\n                                    <div class=\"eael-elements-flip-box-icon-image\">\n                                                                                                                                                                        <\/div>\n                                    <h2 class=\"eael-elements-flip-box-heading\">F\u00e9mszerkezet \u00e9p\u00edt\u00e9s \u00e9s gy\u00e1rt\u00e1s<\/h2>                                    <div class=\"eael-elements-flip-box-content\">\n\t                                                                        <\/div>\n                                <\/div>\n                            <\/div>\n                        <\/div>\n                                    <\/div>\n\n                <div class=\"eael-elements-flip-box-rear-container\">\n                                                                <div class=\"eael-elements-slider-display-table\">\n                            <div class=\"eael-elements-flip-box-vertical-align\">\n                                <div class=\"eael-elements-flip-box-padding\">\n                                                                            <div class=\"eael-elements-flip-box-icon-image\">\n                                                                                            <\/div>\n                                                                                                            <div class=\"eael-elements-flip-box-content\">\n                                        <p><span style=\"font-weight: 400\">\u00a0A M.E. Engineering teljes k\u00f6r\u0171 megold\u00e1st k\u00edn\u00e1l f\u00e9mszerkezetek \u00e9p\u00edt\u00e9s\u00e9ben \u00e9s kivitelez\u00e9s\u00e9ben. V\u00e1llaljuk kisebb \u00e9s nagyobb ac\u00e9lszerkezetek gy\u00e1rt\u00e1s\u00e1t, ipari berendez\u00e9sek tart\u00f3szerkezeteinek elk\u00e9sz\u00edt\u00e9s\u00e9t, valamint egyedi f\u00e9mszerkezetek tervez\u00e9s\u00e9t \u00e9s megval\u00f3s\u00edt\u00e1s\u00e1t.\u00a0<\/span><\/p>                                    <\/div>\n\n                                                                    <\/div>\n                            <\/div>\n                        <\/div>\n                                    <\/div>\n            <\/div>\n        <\/div>\n        \t\t\t\t<\/div>\n\t\t\t\t<\/div>\n\t\t\t\t<div class=\"elementor-element elementor-element-fc3740c eael-flipbox-content-align-center eael-flipbox-img-default eael_wd_liquid_glass-effect1 elementor-widget elementor-widget-eael-flip-box\" data-id=\"fc3740c\" data-element_type=\"widget\" data-e-type=\"widget\" data-widget_type=\"eael-flip-box.default\">\n\t\t\t\t<div class=\"elementor-widget-container\">\n\t\t\t\t\t        <div class=\"eael-elements-flip-box-container eael-animate-flip eael-animate-left eael-content eael-flip-box-hover eael-flipbox-fixed-height eael-flipbox-dynamic\">\n\n            <div class=\"eael-elements-flip-box-flip-card\">\n                <div class=\"eael-elements-flip-box-front-container\">\n                    \n                    \n                        <div class=\"eael-elements-slider-display-table\">\n                            <div class=\"eael-elements-flip-box-vertical-align\">\n                                <div class=\"eael-elements-flip-box-padding\">\n                                    <div class=\"eael-elements-flip-box-icon-image\">\n                                                                                    <img decoding=\"async\" class=\"eael-flipbox-image-as-icon\" src=\"https:\/\/me-engineering.com\/wp-content\/uploads\/2025\/12\/hegeszt-crop.png\" alt=\"\">\n                                                                            <\/div>\n                                    <h2 class=\"eael-elements-flip-box-heading\">Hegeszt\u00e9si munk\u00e1k \u00e9s jav\u00edt\u00e1sok<\/h2>                                    <div class=\"eael-elements-flip-box-content\">\n\t                                                                        <\/div>\n                                <\/div>\n                            <\/div>\n                        <\/div>\n                                    <\/div>\n\n                <div class=\"eael-elements-flip-box-rear-container\">\n                                                                <div class=\"eael-elements-slider-display-table\">\n                            <div class=\"eael-elements-flip-box-vertical-align\">\n                                <div class=\"eael-elements-flip-box-padding\">\n                                                                            <div class=\"eael-elements-flip-box-icon-image\">\n                                                                                            <\/div>\n                                                                                                            <div class=\"eael-elements-flip-box-content\">\n                                        <p><span style=\"font-weight: 400\">\u00a0Szakk\u00e9pzett hegeszt\u0151 csapatunk v\u00e1llalja k\u00fcl\u00f6nf\u00e9le hegeszt\u00e9si munk\u00e1k elv\u00e9gz\u00e9s\u00e9t \u2013 legyen sz\u00f3 MIG\/MAG, AWI vagy l\u00e1nghegeszt\u00e9sr\u0151l. A prec\u00edz hegeszt\u00e9si megold\u00e1sok biztos\u00edtj\u00e1k a f\u00e9mszerkezetek tart\u00f3ss\u00e1g\u00e1t, megb\u00edzhat\u00f3s\u00e1g\u00e1t \u00e9s biztons\u00e1g\u00e1t. Meghib\u00e1sodott vagy s\u00e9r\u00fclt ac\u00e9lszerkezetek eset\u00e9n gyors jav\u00edt\u00e1st \u00e9s szerkezetmeger\u0151s\u00edt\u00e9st v\u00e9gz\u00fcnk.<\/span><\/p>                                    <\/div>\n\n                                                                    <\/div>\n                            <\/div>\n                        <\/div>\n                                    <\/div>\n            <\/div>\n        <\/div>\n        \t\t\t\t<\/div>\n\t\t\t\t<\/div>\n\t\t\t\t<div class=\"elementor-element elementor-element-f52700d eael-flipbox-content-align-center eael_wd_liquid_glass-effect1 elementor-widget elementor-widget-eael-flip-box\" data-id=\"f52700d\" data-element_type=\"widget\" data-e-type=\"widget\" data-widget_type=\"eael-flip-box.default\">\n\t\t\t\t<div class=\"elementor-widget-container\">\n\t\t\t\t\t        <div class=\"eael-elements-flip-box-container eael-animate-flip eael-animate-left eael-content eael-flip-box-hover eael-flipbox-fixed-height eael-flipbox-dynamic\">\n\n            <div class=\"eael-elements-flip-box-flip-card\">\n                <div class=\"eael-elements-flip-box-front-container\">\n                    \n                    \n                        <div class=\"eael-elements-slider-display-table\">\n                            <div class=\"eael-elements-flip-box-vertical-align\">\n                                <div class=\"eael-elements-flip-box-padding\">\n                                    <div class=\"eael-elements-flip-box-icon-image\">\n                                                                                                                                                                        <\/div>\n                                    <h2 class=\"eael-elements-flip-box-heading\">Ac\u00e9lszerkezet jav\u00edt\u00e1s \u00e9s karbantart\u00e1s<\/h2>                                    <div class=\"eael-elements-flip-box-content\">\n\t                                                                        <\/div>\n                                <\/div>\n                            <\/div>\n                        <\/div>\n                                    <\/div>\n\n                <div class=\"eael-elements-flip-box-rear-container\">\n                                                                <div class=\"eael-elements-slider-display-table\">\n                            <div class=\"eael-elements-flip-box-vertical-align\">\n                                <div class=\"eael-elements-flip-box-padding\">\n                                                                            <div class=\"eael-elements-flip-box-icon-image\">\n                                                                                            <\/div>\n                                                                                                            <div class=\"eael-elements-flip-box-content\">\n                                        <p><span style=\"font-weight: 400\">\u00a0Az ipari f\u00e9mszerkezetek folyamatos ig\u00e9nybev\u00e9telnek vannak kit\u00e9ve, ez\u00e9rt rendszeres ellen\u0151rz\u00e9st \u00e9s karbantart\u00e1st ig\u00e9nyelnek. V\u00e1llaljuk ac\u00e9lszerkezetek \u00e1tvizsg\u00e1l\u00e1s\u00e1t, hib\u00e1k felt\u00e1r\u00e1s\u00e1t \u00e9s a sz\u00fcks\u00e9ges jav\u00edt\u00e1sok elv\u00e9gz\u00e9s\u00e9t.\u00a0<\/span><\/p>                                    <\/div>\n\n                                                                    <\/div>\n                            <\/div>\n                        <\/div>\n                                    <\/div>\n            <\/div>\n        <\/div>\n        \t\t\t\t<\/div>\n\t\t\t\t<\/div>\n\t\t\t\t<div class=\"elementor-element elementor-element-41316bb eael-flipbox-content-align-center eael_wd_liquid_glass-effect1 elementor-widget elementor-widget-eael-flip-box\" data-id=\"41316bb\" data-element_type=\"widget\" data-e-type=\"widget\" data-widget_type=\"eael-flip-box.default\">\n\t\t\t\t<div class=\"elementor-widget-container\">\n\t\t\t\t\t        <div class=\"eael-elements-flip-box-container eael-animate-flip eael-animate-left eael-content eael-flip-box-hover eael-flipbox-fixed-height eael-flipbox-dynamic\">\n\n            <div class=\"eael-elements-flip-box-flip-card\">\n                <div class=\"eael-elements-flip-box-front-container\">\n                    \n                    \n                        <div class=\"eael-elements-slider-display-table\">\n                            <div class=\"eael-elements-flip-box-vertical-align\">\n                                <div class=\"eael-elements-flip-box-padding\">\n                                    <div class=\"eael-elements-flip-box-icon-image\">\n                                                                                                                                                                        <\/div>\n                                    <h2 class=\"eael-elements-flip-box-heading\">Megb\u00edzhat\u00f3 partner az ipari f\u00e9mszerkezetek ter\u00fclet\u00e9n<\/h2>                                    <div class=\"eael-elements-flip-box-content\">\n\t                                                                        <\/div>\n                                <\/div>\n                            <\/div>\n                        <\/div>\n                                    <\/div>\n\n                <div class=\"eael-elements-flip-box-rear-container\">\n                                                                <div class=\"eael-elements-slider-display-table\">\n                            <div class=\"eael-elements-flip-box-vertical-align\">\n                                <div class=\"eael-elements-flip-box-padding\">\n                                                                            <div class=\"eael-elements-flip-box-icon-image\">\n                                                                                            <\/div>\n                                                                                                            <div class=\"eael-elements-flip-box-content\">\n                                        <p><span style=\"font-weight: 400\">\u00a0T\u00f6bb\u00e9ves tapasztalatunk \u00e9s referenci\u00e1ink bizony\u00edtj\u00e1k, hogy \u00fcgyfeleink sz\u00e1m\u00edthatnak r\u00e1nk minden f\u00e9mszerkezet- \u00e9s hegeszt\u00e9si munk\u00e1ban. Rugalmasan alkalmazkodunk a projektekhez, legyen sz\u00f3 \u00faj szerkezetek \u00e9p\u00edt\u00e9s\u00e9r\u0151l, megl\u00e9v\u0151k fel\u00faj\u00edt\u00e1s\u00e1r\u00f3l vagy speci\u00e1lis ac\u00e9lmunk\u00e1kr\u00f3l.\u00a0<\/span><\/p>                                    <\/div>\n\n                                                                    <\/div>\n                            <\/div>\n                        <\/div>\n                                    <\/div>\n            <\/div>\n        <\/div>\n        \t\t\t\t<\/div>\n\t\t\t\t<\/div>\n\t\t\t\t<\/div>\n\t\t\t\t<div class=\"elementor-element elementor-element-7279b90 elementor-align-left elementor-widget__width-auto elementor-widget elementor-widget-button\" data-id=\"7279b90\" data-element_type=\"widget\" data-e-type=\"widget\" data-widget_type=\"button.default\">\n\t\t\t\t<div class=\"elementor-widget-container\">\n\t\t\t\t\t\t\t\t\t<div class=\"elementor-button-wrapper\">\n\t\t\t\t\t<a class=\"elementor-button elementor-button-link elementor-size-sm\" href=\"\/szolgaltatasok\/ipari-csoszereles\/\">\n\t\t\t\t\t\t<span class=\"elementor-button-content-wrapper\">\n\t\t\t\t\t\t<span class=\"elementor-button-icon\">\n\t\t\t\t<svg aria-hidden=\"true\" class=\"e-font-icon-svg e-fas-long-arrow-alt-right\" viewBox=\"0 0 448 512\" xmlns=\"http:\/\/www.w3.org\/2000\/svg\"><path d=\"M313.941 216H12c-6.627 0-12 5.373-12 12v56c0 6.627 5.373 12 12 12h301.941v46.059c0 21.382 25.851 32.09 40.971 16.971l86.059-86.059c9.373-9.373 9.373-24.569 0-33.941l-86.059-86.059c-15.119-15.119-40.971-4.411-40.971 16.971V216z\"><\/path><\/svg>\t\t\t<\/span>\n\t\t\t\t\t\t\t\t\t<span class=\"elementor-button-text\">Ipari cs\u0151szerel\u00e9s<\/span>\n\t\t\t\t\t<\/span>\n\t\t\t\t\t<\/a>\n\t\t\t\t<\/div>\n\t\t\t\t\t\t\t\t<\/div>\n\t\t\t\t<\/div>\n\t\t\t\t<\/div>\n\t\t\t\t<\/div>\n\t\t\t\t<\/div>\n\t\t","protected":false},"excerpt":{"rendered":"<p>Ac\u00e9lszerkezetek, hegeszt\u00e9s Vissza a Szolg\u00e1ltat\u00e1sokhoz A M.E. Engineering \u00e1tfog\u00f3 megold\u00e1sokat k\u00edn\u00e1l f\u00e9mszerkezetek gy\u00e1rt\u00e1s\u00e1ban, kivitelez\u00e9s\u00e9ben \u00e9s karbantart\u00e1s\u00e1ban, a kisebb ac\u00e9lszerkezetekt\u0151l az ipari berendez\u00e9sek komplex tart\u00f3szerkezeteiig. Tapasztalt szakembereink prec\u00edz hegeszt\u00e9si technol\u00f3gi\u00e1kkal (MIG\/MAG, AWI, l\u00e1nghegeszt\u00e9s) biztos\u00edtj\u00e1k a szerkezetek tart\u00f3ss\u00e1g\u00e1t \u00e9s megb\u00edzhat\u00f3s\u00e1g\u00e1t, valamint gyors jav\u00edt\u00e1st v\u00e9geznek meghib\u00e1sod\u00e1sok eset\u00e9n, minimaliz\u00e1lva a le\u00e1ll\u00e1sokat. Rendszeres ellen\u0151rz\u00e9ssel \u00e9s karbantart\u00e1ssal meghosszabb\u00edtjuk az ac\u00e9lszerkezetek \u00e9lettartam\u00e1t, [&hellip;]<\/p>\n","protected":false},"author":2,"featured_media":0,"parent":2597,"menu_order":0,"comment_status":"closed","ping_status":"closed","template":"","meta":{"site-sidebar-layout":"no-sidebar","site-content-layout":"page-builder","ast-site-content-layout":"full-width-container","site-content-style":"unboxed","site-sidebar-style":"unboxed","ast-global-header-display":"","ast-banner-title-visibility":"","ast-main-header-display":"","ast-hfb-above-header-display":"","ast-hfb-below-header-display":"","ast-hfb-mobile-header-display":"","site-post-title":"disabled","ast-breadcrumbs-content":"","ast-featured-img":"disabled","footer-sml-layout":"","ast-disable-related-posts":"","theme-transparent-header-meta":"enabled","adv-header-id-meta":"","stick-header-meta":"","header-above-stick-meta":"","header-main-stick-meta":"","header-below-stick-meta":"","astra-migrate-meta-layouts":"set","ast-page-background-enabled":"default","ast-page-background-meta":{"desktop":{"background-color":"","background-image":"","background-repeat":"repeat","background-position":"center center","background-size":"auto","background-attachment":"scroll","background-type":"","background-media":"","overlay-type":"","overlay-color":"","overlay-opacity":"","overlay-gradient":""},"tablet":{"background-color":"","background-image":"","background-repeat":"repeat","background-position":"center center","background-size":"auto","background-attachment":"scroll","background-type":"","background-media":"","overlay-type":"","overlay-color":"","overlay-opacity":"","overlay-gradient":""},"mobile":{"background-color":"","background-image":"","background-repeat":"repeat","background-position":"center center","background-size":"auto","background-attachment":"scroll","background-type":"","background-media":"","overlay-type":"","overlay-color":"","overlay-opacity":"","overlay-gradient":""}},"ast-content-background-meta":{"desktop":{"background-color":"var(--ast-global-color-5)","background-image":"","background-repeat":"repeat","background-position":"center center","background-size":"auto","background-attachment":"scroll","background-type":"","background-media":"","overlay-type":"","overlay-color":"","overlay-opacity":"","overlay-gradient":""},"tablet":{"background-color":"var(--ast-global-color-5)","background-image":"","background-repeat":"repeat","background-position":"center center","background-size":"auto","background-attachment":"scroll","background-type":"","background-media":"","overlay-type":"","overlay-color":"","overlay-opacity":"","overlay-gradient":""},"mobile":{"background-color":"var(--ast-global-color-5)","background-image":"","background-repeat":"repeat","background-position":"center center","background-size":"auto","background-attachment":"scroll","background-type":"","background-media":"","overlay-type":"","overlay-color":"","overlay-opacity":"","overlay-gradient":""}},"footnotes":""},"class_list":["post-3174","page","type-page","status-publish","hentry"],"aioseo_notices":[],"_links":{"self":[{"href":"https:\/\/me-engineering.com\/en\/wp-json\/wp\/v2\/pages\/3174","targetHints":{"allow":["GET"]}}],"collection":[{"href":"https:\/\/me-engineering.com\/en\/wp-json\/wp\/v2\/pages"}],"about":[{"href":"https:\/\/me-engineering.com\/en\/wp-json\/wp\/v2\/types\/page"}],"author":[{"embeddable":true,"href":"https:\/\/me-engineering.com\/en\/wp-json\/wp\/v2\/users\/2"}],"replies":[{"embeddable":true,"href":"https:\/\/me-engineering.com\/en\/wp-json\/wp\/v2\/comments?post=3174"}],"version-history":[{"count":28,"href":"https:\/\/me-engineering.com\/en\/wp-json\/wp\/v2\/pages\/3174\/revisions"}],"predecessor-version":[{"id":4331,"href":"https:\/\/me-engineering.com\/en\/wp-json\/wp\/v2\/pages\/3174\/revisions\/4331"}],"up":[{"embeddable":true,"href":"https:\/\/me-engineering.com\/en\/wp-json\/wp\/v2\/pages\/2597"}],"wp:attachment":[{"href":"https:\/\/me-engineering.com\/en\/wp-json\/wp\/v2\/media?parent=3174"}],"curies":[{"name":"wp","href":"https:\/\/api.w.org\/{rel}","templated":true}]}}