{"id":1618,"date":"2024-12-17T21:48:47","date_gmt":"2024-12-17T21:48:47","guid":{"rendered":"https:\/\/mexp.smokup.com\/?page_id=1618"},"modified":"2026-02-24T11:46:36","modified_gmt":"2026-02-24T11:46:36","slug":"gepszallitas-es-emeles","status":"publish","type":"page","link":"https:\/\/me-engineering.com\/en\/szolgaltatasok\/gepszallitas-es-emeles\/","title":{"rendered":"Machine transport and lifting"},"content":{"rendered":"\t\t<div data-elementor-type=\"wp-post\" data-elementor-id=\"1618\" class=\"elementor elementor-1618\">\n\t\t\t\t<div class=\"elementor-element elementor-element-4e968a9 e-con-full e-flex e-con e-child\" data-id=\"4e968a9\" data-element_type=\"container\" data-e-type=\"container\" data-settings=\"{&quot;background_background&quot;:&quot;slideshow&quot;,&quot;background_slideshow_gallery&quot;:[{&quot;id&quot;:1050,&quot;url&quot;:&quot;https:\\\/\\\/me-engineering.com\\\/wp-content\\\/uploads\\\/2024\\\/12\\\/PHOTO-2024-12-13-13-36-15.jpg&quot;},{&quot;id&quot;:1307,&quot;url&quot;:&quot;https:\\\/\\\/me-engineering.com\\\/wp-content\\\/uploads\\\/2024\\\/12\\\/PHOTO-2024-12-13-13-36-18_3.jpg&quot;},{&quot;id&quot;:1305,&quot;url&quot;:&quot;https:\\\/\\\/me-engineering.com\\\/wp-content\\\/uploads\\\/2024\\\/12\\\/PHOTO-2024-12-13-13-36-18_1.jpg&quot;}],&quot;background_slideshow_slide_duration&quot;:3000,&quot;background_slideshow_loop&quot;:&quot;yes&quot;,&quot;background_slideshow_slide_transition&quot;:&quot;fade&quot;,&quot;background_slideshow_transition_duration&quot;:500}\">\n\t\t\t\t<div class=\"elementor-element elementor-element-ea8712c elementor-widget__width-initial elementor-widget-mobile__width-inherit elementor-widget elementor-widget-heading\" data-id=\"ea8712c\" data-element_type=\"widget\" data-e-type=\"widget\" data-widget_type=\"heading.default\">\n\t\t\t\t<div class=\"elementor-widget-container\">\n\t\t\t\t\t<h2 class=\"elementor-heading-title elementor-size-default\">G\u00e9psz\u00e1ll\u00edt\u00e1s \u00e9s emel\u00e9s<\/h2>\t\t\t\t<\/div>\n\t\t\t\t<\/div>\n\t\t\t\t<\/div>\n\t\t<div class=\"elementor-element elementor-element-4d610df8 e-con-full e-flex e-con e-parent\" data-id=\"4d610df8\" data-element_type=\"container\" data-e-type=\"container\" data-settings=\"{&quot;background_background&quot;:&quot;classic&quot;}\">\n\t\t<div class=\"elementor-element elementor-element-1e04ff20 e-con-full e-flex e-con e-child\" data-id=\"1e04ff20\" data-element_type=\"container\" data-e-type=\"container\">\n\t\t\t\t<\/div>\n\t\t<div class=\"elementor-element elementor-element-594c85ca e-con-full e-flex e-con e-child\" data-id=\"594c85ca\" data-element_type=\"container\" data-e-type=\"container\">\n\t\t<div class=\"elementor-element elementor-element-6d9d6e1d e-con-full e-flex e-con e-child\" data-id=\"6d9d6e1d\" data-element_type=\"container\" data-e-type=\"container\">\n\t\t\t\t<div class=\"elementor-element elementor-element-312dd57 elementor-align-left elementor-widget__width-auto boxed-list elementor-widget elementor-widget-button\" data-id=\"312dd57\" data-element_type=\"widget\" data-e-type=\"widget\" data-widget_type=\"button.default\">\n\t\t\t\t<div class=\"elementor-widget-container\">\n\t\t\t\t\t\t\t\t\t<div class=\"elementor-button-wrapper\">\n\t\t\t\t\t<a class=\"elementor-button elementor-button-link elementor-size-sm\" href=\"\/szolgaltatasok\/\">\n\t\t\t\t\t\t<span class=\"elementor-button-content-wrapper\">\n\t\t\t\t\t\t<span class=\"elementor-button-icon\">\n\t\t\t\t<svg aria-hidden=\"true\" class=\"e-font-icon-svg e-fas-long-arrow-alt-left\" viewBox=\"0 0 448 512\" xmlns=\"http:\/\/www.w3.org\/2000\/svg\"><path d=\"M134.059 296H436c6.627 0 12-5.373 12-12v-56c0-6.627-5.373-12-12-12H134.059v-46.059c0-21.382-25.851-32.09-40.971-16.971L7.029 239.029c-9.373 9.373-9.373 24.569 0 33.941l86.059 86.059c15.119 15.119 40.971 4.411 40.971-16.971V296z\"><\/path><\/svg>\t\t\t<\/span>\n\t\t\t\t\t\t\t\t\t<span class=\"elementor-button-text\">Vissza a Szolg\u00e1ltat\u00e1sokhoz<\/span>\n\t\t\t\t\t<\/span>\n\t\t\t\t\t<\/a>\n\t\t\t\t<\/div>\n\t\t\t\t\t\t\t\t<\/div>\n\t\t\t\t<\/div>\n\t\t\t\t<div class=\"elementor-element elementor-element-6c9cf26b elementor-widget elementor-widget-heading\" data-id=\"6c9cf26b\" data-element_type=\"widget\" data-e-type=\"widget\" data-widget_type=\"heading.default\">\n\t\t\t\t<div class=\"elementor-widget-container\">\n\t\t\t\t\t<h3 class=\"elementor-heading-title elementor-size-default\">A M.E. Engineering teljes k\u00f6r\u0171 megold\u00e1st k\u00edn\u00e1l g\u00e9psz\u00e1ll\u00edt\u00e1s \u00e9s emel\u00e9s ter\u00fclet\u00e9n \u2013 a tervez\u00e9st\u0151l a v\u00e9gs\u0151 telep\u00edt\u00e9sig. Legyen sz\u00f3 gy\u00e1r\u00e9p\u00fcleten bel\u00fcli g\u00e9pmozgat\u00e1sr\u00f3l, \u00e9p\u00fcletek k\u00f6z\u00f6tti sz\u00e1ll\u00edt\u00e1sr\u00f3l vagy ak\u00e1r t\u00f6bb tonn\u00e1s berendez\u00e9sek \u00e1thelyez\u00e9s\u00e9r\u0151l, szakembereink garant\u00e1lj\u00e1k a biztons\u00e1gos \u00e9s hat\u00e9kony kivitelez\u00e9st. Modern eszk\u00f6zparkkal \u00e9s gondos el\u0151k\u00e9sz\u00edt\u00e9ssel biztos\u00edtjuk, hogy minden projekt pontosan \u00e9s g\u00f6rd\u00fcl\u00e9kenyen val\u00f3suljon meg.<\/h3>\t\t\t\t<\/div>\n\t\t\t\t<\/div>\n\t\t\t\t<\/div>\n\t\t<div class=\"elementor-element elementor-element-8674969 e-con-full e-grid e-con e-child\" data-id=\"8674969\" data-element_type=\"container\" data-e-type=\"container\" data-settings=\"{&quot;background_background&quot;:&quot;classic&quot;}\">\n\t\t\t\t<div class=\"elementor-element elementor-element-b66c7b2 eael-flipbox-content-align-center eael_wd_liquid_glass-effect1 elementor-widget elementor-widget-eael-flip-box\" data-id=\"b66c7b2\" data-element_type=\"widget\" data-e-type=\"widget\" data-widget_type=\"eael-flip-box.default\">\n\t\t\t\t<div class=\"elementor-widget-container\">\n\t\t\t\t\t        <div class=\"eael-elements-flip-box-container eael-animate-flip eael-animate-left eael-content eael-flip-box-hover eael-flipbox-fixed-height eael-flipbox-dynamic\">\n\n            <div class=\"eael-elements-flip-box-flip-card\">\n                <div class=\"eael-elements-flip-box-front-container\">\n                    \n                    \n                        <div class=\"eael-elements-slider-display-table\">\n                            <div class=\"eael-elements-flip-box-vertical-align\">\n                                <div class=\"eael-elements-flip-box-padding\">\n                                    <div class=\"eael-elements-flip-box-icon-image\">\n                                                                                                                                                                        <\/div>\n                                    <h2 class=\"eael-elements-flip-box-heading\">Biztons\u00e1g \u00e9s <br \/>precizit\u00e1s<\/h2>                                    <div class=\"eael-elements-flip-box-content\">\n\t                                                                        <\/div>\n                                <\/div>\n                            <\/div>\n                        <\/div>\n                                    <\/div>\n\n                <div class=\"eael-elements-flip-box-rear-container\">\n                                                                <div class=\"eael-elements-slider-display-table\">\n                            <div class=\"eael-elements-flip-box-vertical-align\">\n                                <div class=\"eael-elements-flip-box-padding\">\n                                                                            <div class=\"eael-elements-flip-box-icon-image\">\n                                                                                            <\/div>\n                                                                                                            <div class=\"eael-elements-flip-box-content\">\n                                        <p>Az emel\u00e9si \u00e9s mozgat\u00e1si munk\u00e1kn\u00e1l kiemelt figyelmet ford\u00edtunk a munkav\u00e9delemre \u00e9s a k\u00f6rnyezet \u00e9ps\u00e9g\u00e9nek meg\u00f3v\u00e1s\u00e1ra. A M.E. Engineering csapata gondoskodik arr\u00f3l, hogy a g\u00e9pek mozgat\u00e1sa s\u00e9r\u00fcl\u00e9smentesen, a padl\u00f3zat, a falak \u00e9s a k\u00f6rnyez\u0151 berendez\u00e9sek v\u00e9delm\u00e9vel t\u00f6rt\u00e9njen. A prec\u00edz emel\u00e9si technol\u00f3gi\u00e1knak k\u00f6sz\u00f6nhet\u0151en g\u00e9pei pontosan \u00e9s biztons\u00e1gosan ker\u00fclnek a hely\u00fckre.<\/p>                                    <\/div>\n\n                                                                    <\/div>\n                            <\/div>\n                        <\/div>\n                                    <\/div>\n            <\/div>\n        <\/div>\n        \t\t\t\t<\/div>\n\t\t\t\t<\/div>\n\t\t\t\t<div class=\"elementor-element elementor-element-fc3740c eael-flipbox-content-align-center eael_wd_liquid_glass-effect1 elementor-widget elementor-widget-eael-flip-box\" data-id=\"fc3740c\" data-element_type=\"widget\" data-e-type=\"widget\" data-widget_type=\"eael-flip-box.default\">\n\t\t\t\t<div class=\"elementor-widget-container\">\n\t\t\t\t\t        <div class=\"eael-elements-flip-box-container eael-animate-flip eael-animate-left eael-content eael-flip-box-hover eael-flipbox-fixed-height eael-flipbox-dynamic\">\n\n            <div class=\"eael-elements-flip-box-flip-card\">\n                <div class=\"eael-elements-flip-box-front-container\">\n                    \n                    \n                        <div class=\"eael-elements-slider-display-table\">\n                            <div class=\"eael-elements-flip-box-vertical-align\">\n                                <div class=\"eael-elements-flip-box-padding\">\n                                    <div class=\"eael-elements-flip-box-icon-image\">\n                                                                                                                                                                        <\/div>\n                                    <h2 class=\"eael-elements-flip-box-heading\">Rugalmas megold\u00e1sok egyedi ig\u00e9nyekre<\/h2>                                    <div class=\"eael-elements-flip-box-content\">\n\t                                                                        <\/div>\n                                <\/div>\n                            <\/div>\n                        <\/div>\n                                    <\/div>\n\n                <div class=\"eael-elements-flip-box-rear-container\">\n                                                                <div class=\"eael-elements-slider-display-table\">\n                            <div class=\"eael-elements-flip-box-vertical-align\">\n                                <div class=\"eael-elements-flip-box-padding\">\n                                                                            <div class=\"eael-elements-flip-box-icon-image\">\n                                                                                            <\/div>\n                                                                                                            <div class=\"eael-elements-flip-box-content\">\n                                        Minden g\u00e9psz\u00e1ll\u00edt\u00e1s egyedi kih\u00edv\u00e1sokat jelent. C\u00e9g\u00fcnk rugalmasan alkalmazkodik \u00fcgyfeleink ig\u00e9nyeihez, legyen sz\u00f3 kisebb berendez\u00e9sek mozgat\u00e1s\u00e1r\u00f3l vagy teljes gy\u00e1rt\u00f3sorok \u00e1thelyez\u00e9s\u00e9r\u0151l. Tapasztalt m\u00e9rn\u00f6keink \u00e9s technikusaink megtervezik \u00e9s kivitelezik a teljes folyamatot, hogy \u00d6nnek ne kelljen le\u00e1ll\u00e1sokkal \u00e9s felesleges k\u00f6lts\u00e9gekkel sz\u00e1molnia.\n                                    <\/div>\n\n                                                                    <\/div>\n                            <\/div>\n                        <\/div>\n                                    <\/div>\n            <\/div>\n        <\/div>\n        \t\t\t\t<\/div>\n\t\t\t\t<\/div>\n\t\t\t\t<div class=\"elementor-element elementor-element-f52700d eael-flipbox-content-align-center eael_wd_liquid_glass-effect1 elementor-widget elementor-widget-eael-flip-box\" data-id=\"f52700d\" data-element_type=\"widget\" data-e-type=\"widget\" data-widget_type=\"eael-flip-box.default\">\n\t\t\t\t<div class=\"elementor-widget-container\">\n\t\t\t\t\t        <div class=\"eael-elements-flip-box-container eael-animate-flip eael-animate-left eael-content eael-flip-box-hover eael-flipbox-fixed-height eael-flipbox-dynamic\">\n\n            <div class=\"eael-elements-flip-box-flip-card\">\n                <div class=\"eael-elements-flip-box-front-container\">\n                    \n                    \n                        <div class=\"eael-elements-slider-display-table\">\n                            <div class=\"eael-elements-flip-box-vertical-align\">\n                                <div class=\"eael-elements-flip-box-padding\">\n                                    <div class=\"eael-elements-flip-box-icon-image\">\n                                                                                                                                                                        <\/div>\n                                    <h2 class=\"eael-elements-flip-box-heading\">Megb\u00edzhat\u00f3s\u00e1g \u00e9s tapasztalat\u200b<\/h2>                                    <div class=\"eael-elements-flip-box-content\">\n\t                                                                        <\/div>\n                                <\/div>\n                            <\/div>\n                        <\/div>\n                                    <\/div>\n\n                <div class=\"eael-elements-flip-box-rear-container\">\n                                                                <div class=\"eael-elements-slider-display-table\">\n                            <div class=\"eael-elements-flip-box-vertical-align\">\n                                <div class=\"eael-elements-flip-box-padding\">\n                                                                            <div class=\"eael-elements-flip-box-icon-image\">\n                                                                                            <\/div>\n                                                                                                            <div class=\"eael-elements-flip-box-content\">\n                                        A M.E. Engineering t\u00f6bb \u00e9ves tapasztalat\u00e1val \u00e9s profi szakemberg\u00e1rd\u00e1j\u00e1val a g\u00e9psz\u00e1ll\u00edt\u00e1s \u00e9s emel\u00e9s megb\u00edzhat\u00f3 partnere. A gyors reag\u00e1l\u00e1s, a s\u00e9r\u00fcl\u00e9smentes kivitelez\u00e9s \u00e9s a komplex szolg\u00e1ltat\u00e1saink egyar\u00e1nt garanci\u00e1t jelentenek arra, hogy a berendez\u00e9sek mindig id\u0151ben \u00e9s biztons\u00e1gban ker\u00fcljenek \u00faj hely\u00fckre.\n                                    <\/div>\n\n                                                                    <\/div>\n                            <\/div>\n                        <\/div>\n                                    <\/div>\n            <\/div>\n        <\/div>\n        \t\t\t\t<\/div>\n\t\t\t\t<\/div>\n\t\t\t\t<div class=\"elementor-element elementor-element-41316bb eael-flipbox-content-align-center eael_wd_liquid_glass-effect1 elementor-widget elementor-widget-eael-flip-box\" data-id=\"41316bb\" data-element_type=\"widget\" data-e-type=\"widget\" data-widget_type=\"eael-flip-box.default\">\n\t\t\t\t<div class=\"elementor-widget-container\">\n\t\t\t\t\t        <div class=\"eael-elements-flip-box-container eael-animate-flip eael-animate-left eael-content eael-flip-box-hover eael-flipbox-fixed-height eael-flipbox-dynamic\">\n\n            <div class=\"eael-elements-flip-box-flip-card\">\n                <div class=\"eael-elements-flip-box-front-container\">\n                    \n                    \n                        <div class=\"eael-elements-slider-display-table\">\n                            <div class=\"eael-elements-flip-box-vertical-align\">\n                                <div class=\"eael-elements-flip-box-padding\">\n                                    <div class=\"eael-elements-flip-box-icon-image\">\n                                                                                                                                                                        <\/div>\n                                    <h2 class=\"eael-elements-flip-box-heading\">Tapasztalt szak\u00e9rt\u0151k \u00e9s folyamatos fejl\u0151d\u00e9s<\/h2>                                    <div class=\"eael-elements-flip-box-content\">\n\t                                                                        <\/div>\n                                <\/div>\n                            <\/div>\n                        <\/div>\n                                    <\/div>\n\n                <div class=\"eael-elements-flip-box-rear-container\">\n                                                                <div class=\"eael-elements-slider-display-table\">\n                            <div class=\"eael-elements-flip-box-vertical-align\">\n                                <div class=\"eael-elements-flip-box-padding\">\n                                                                            <div class=\"eael-elements-flip-box-icon-image\">\n                                                                                            <\/div>\n                                                                                                            <div class=\"eael-elements-flip-box-content\">\n                                        Szakembereink sok\u00e9ves tapasztalattal rendelkeznek az ipari g\u00e9psz\u00e1ll\u00edt\u00e1s \u00e9s emel\u00e9s ter\u00fclet\u00e9n. Rendszeres k\u00e9pz\u00e9sekkel \u00e9s bels\u0151 fejleszt\u00e9sekkel biztos\u00edtjuk, hogy csapatunk mindig naprak\u00e9sz legyen a leg\u00fajabb technol\u00f3gi\u00e1kban \u00e9s biztons\u00e1gi el\u0151\u00edr\u00e1sokban.                                    <\/div>\n\n                                                                    <\/div>\n                            <\/div>\n                        <\/div>\n                                    <\/div>\n            <\/div>\n        <\/div>\n        \t\t\t\t<\/div>\n\t\t\t\t<\/div>\n\t\t\t\t<\/div>\n\t\t\t\t<div class=\"elementor-element elementor-element-7279b90 elementor-align-left elementor-widget__width-auto elementor-widget elementor-widget-button\" data-id=\"7279b90\" data-element_type=\"widget\" data-e-type=\"widget\" data-widget_type=\"button.default\">\n\t\t\t\t<div class=\"elementor-widget-container\">\n\t\t\t\t\t\t\t\t\t<div class=\"elementor-button-wrapper\">\n\t\t\t\t\t<a class=\"elementor-button elementor-button-link elementor-size-sm\" href=\"\/szolgaltatasok\/femszerkezet-epites-gyartas-es-hegesztes\/\">\n\t\t\t\t\t\t<span class=\"elementor-button-content-wrapper\">\n\t\t\t\t\t\t<span class=\"elementor-button-icon\">\n\t\t\t\t<svg aria-hidden=\"true\" class=\"e-font-icon-svg e-fas-long-arrow-alt-right\" viewBox=\"0 0 448 512\" xmlns=\"http:\/\/www.w3.org\/2000\/svg\"><path d=\"M313.941 216H12c-6.627 0-12 5.373-12 12v56c0 6.627 5.373 12 12 12h301.941v46.059c0 21.382 25.851 32.09 40.971 16.971l86.059-86.059c9.373-9.373 9.373-24.569 0-33.941l-86.059-86.059c-15.119-15.119-40.971-4.411-40.971 16.971V216z\"><\/path><\/svg>\t\t\t<\/span>\n\t\t\t\t\t\t\t\t\t<span class=\"elementor-button-text\"> Ac\u00e9lszerkezetek, hegeszt\u00e9s<\/span>\n\t\t\t\t\t<\/span>\n\t\t\t\t\t<\/a>\n\t\t\t\t<\/div>\n\t\t\t\t\t\t\t\t<\/div>\n\t\t\t\t<\/div>\n\t\t\t\t<\/div>\n\t\t\t\t<\/div>\n\t\t\t\t<\/div>\n\t\t","protected":false},"excerpt":{"rendered":"<p>G\u00e9psz\u00e1ll\u00edt\u00e1s \u00e9s emel\u00e9s Vissza a Szolg\u00e1ltat\u00e1sokhoz A M.E. Engineering teljes k\u00f6r\u0171 megold\u00e1st k\u00edn\u00e1l g\u00e9psz\u00e1ll\u00edt\u00e1s \u00e9s emel\u00e9s ter\u00fclet\u00e9n \u2013 a tervez\u00e9st\u0151l a v\u00e9gs\u0151 telep\u00edt\u00e9sig. Legyen sz\u00f3 gy\u00e1r\u00e9p\u00fcleten bel\u00fcli g\u00e9pmozgat\u00e1sr\u00f3l, \u00e9p\u00fcletek k\u00f6z\u00f6tti sz\u00e1ll\u00edt\u00e1sr\u00f3l vagy ak\u00e1r t\u00f6bb tonn\u00e1s berendez\u00e9sek \u00e1thelyez\u00e9s\u00e9r\u0151l, szakembereink garant\u00e1lj\u00e1k a biztons\u00e1gos \u00e9s hat\u00e9kony kivitelez\u00e9st. Modern eszk\u00f6zparkkal \u00e9s gondos el\u0151k\u00e9sz\u00edt\u00e9ssel biztos\u00edtjuk, hogy minden projekt pontosan \u00e9s [&hellip;]<\/p>\n","protected":false},"author":1,"featured_media":0,"parent":2597,"menu_order":0,"comment_status":"closed","ping_status":"closed","template":"","meta":{"site-sidebar-layout":"no-sidebar","site-content-layout":"page-builder","ast-site-content-layout":"full-width-container","site-content-style":"unboxed","site-sidebar-style":"unboxed","ast-global-header-display":"","ast-banner-title-visibility":"","ast-main-header-display":"","ast-hfb-above-header-display":"","ast-hfb-below-header-display":"","ast-hfb-mobile-header-display":"","site-post-title":"disabled","ast-breadcrumbs-content":"","ast-featured-img":"disabled","footer-sml-layout":"","ast-disable-related-posts":"","theme-transparent-header-meta":"enabled","adv-header-id-meta":"","stick-header-meta":"","header-above-stick-meta":"","header-main-stick-meta":"","header-below-stick-meta":"","astra-migrate-meta-layouts":"set","ast-page-background-enabled":"default","ast-page-background-meta":{"desktop":{"background-color":"","background-image":"","background-repeat":"repeat","background-position":"center center","background-size":"auto","background-attachment":"scroll","background-type":"","background-media":"","overlay-type":"","overlay-color":"","overlay-opacity":"","overlay-gradient":""},"tablet":{"background-color":"","background-image":"","background-repeat":"repeat","background-position":"center center","background-size":"auto","background-attachment":"scroll","background-type":"","background-media":"","overlay-type":"","overlay-color":"","overlay-opacity":"","overlay-gradient":""},"mobile":{"background-color":"","background-image":"","background-repeat":"repeat","background-position":"center center","background-size":"auto","background-attachment":"scroll","background-type":"","background-media":"","overlay-type":"","overlay-color":"","overlay-opacity":"","overlay-gradient":""}},"ast-content-background-meta":{"desktop":{"background-color":"var(--ast-global-color-5)","background-image":"","background-repeat":"repeat","background-position":"center center","background-size":"auto","background-attachment":"scroll","background-type":"","background-media":"","overlay-type":"","overlay-color":"","overlay-opacity":"","overlay-gradient":""},"tablet":{"background-color":"var(--ast-global-color-5)","background-image":"","background-repeat":"repeat","background-position":"center center","background-size":"auto","background-attachment":"scroll","background-type":"","background-media":"","overlay-type":"","overlay-color":"","overlay-opacity":"","overlay-gradient":""},"mobile":{"background-color":"var(--ast-global-color-5)","background-image":"","background-repeat":"repeat","background-position":"center center","background-size":"auto","background-attachment":"scroll","background-type":"","background-media":"","overlay-type":"","overlay-color":"","overlay-opacity":"","overlay-gradient":""}},"footnotes":""},"class_list":["post-1618","page","type-page","status-publish","hentry"],"aioseo_notices":[],"_links":{"self":[{"href":"https:\/\/me-engineering.com\/en\/wp-json\/wp\/v2\/pages\/1618","targetHints":{"allow":["GET"]}}],"collection":[{"href":"https:\/\/me-engineering.com\/en\/wp-json\/wp\/v2\/pages"}],"about":[{"href":"https:\/\/me-engineering.com\/en\/wp-json\/wp\/v2\/types\/page"}],"author":[{"embeddable":true,"href":"https:\/\/me-engineering.com\/en\/wp-json\/wp\/v2\/users\/1"}],"replies":[{"embeddable":true,"href":"https:\/\/me-engineering.com\/en\/wp-json\/wp\/v2\/comments?post=1618"}],"version-history":[{"count":131,"href":"https:\/\/me-engineering.com\/en\/wp-json\/wp\/v2\/pages\/1618\/revisions"}],"predecessor-version":[{"id":4328,"href":"https:\/\/me-engineering.com\/en\/wp-json\/wp\/v2\/pages\/1618\/revisions\/4328"}],"up":[{"embeddable":true,"href":"https:\/\/me-engineering.com\/en\/wp-json\/wp\/v2\/pages\/2597"}],"wp:attachment":[{"href":"https:\/\/me-engineering.com\/en\/wp-json\/wp\/v2\/media?parent=1618"}],"curies":[{"name":"wp","href":"https:\/\/api.w.org\/{rel}","templated":true}]}}